{"id":10351,"date":"2025-07-24T06:07:04","date_gmt":"2025-07-24T05:07:04","guid":{"rendered":"https:\/\/www.aerobowl.com\/bowling-evreux\/?page_id=10351"},"modified":"2025-07-24T06:56:42","modified_gmt":"2025-07-24T05:56:42","slug":"quiz-blind-test-nouveaute-rentree-2025","status":"publish","type":"page","link":"https:\/\/www.aerobowl.com\/bowling-evreux\/quiz-blind-test-nouveaute-rentree-2025\/","title":{"rendered":""},"content":{"rendered":"<p>[vc_row][vc_column column_height=\u00a0\u00bbverve_forced_clm\u00a0\u00bb css_animation=\u00a0\u00bbvrv_pulse\u00a0\u00bb width=\u00a0\u00bb1\/1&Prime;][vc_column_text]<\/p>\n<h3 style=\"text-align: center;\" align=\"JUSTIFY\"><span style=\"color: #ff0000;\">NOTRE ESPACE QUIZ EST OFFICIELLEMENT OUVERT !<\/span><br \/>\nI-QUIZ, le premier Quiz Game \u00e0 EVREUX<br \/>\nAvec une salle digne d&rsquo;un VERITABLE STUDIO TV !<\/h3>\n<p><strong><a href=\"https:\/\/www.aerobowl.com\/bowling-evreux\/wp-content\/uploads\/2025\/07\/Quiz-game-1.jpg\"><img loading=\"lazy\" decoding=\"async\" class=\"alignnone size-full wp-image-10412\" src=\"https:\/\/www.aerobowl.com\/bowling-evreux\/wp-content\/uploads\/2025\/07\/Quiz-game-1.jpg\" alt=\"\" width=\"1200\" height=\"700\" srcset=\"https:\/\/www.aerobowl.com\/bowling-evreux\/wp-content\/uploads\/2025\/07\/Quiz-game-1.jpg 1200w, https:\/\/www.aerobowl.com\/bowling-evreux\/wp-content\/uploads\/2025\/07\/Quiz-game-1-800x467.jpg 800w, https:\/\/www.aerobowl.com\/bowling-evreux\/wp-content\/uploads\/2025\/07\/Quiz-game-1-250x146.jpg 250w, https:\/\/www.aerobowl.com\/bowling-evreux\/wp-content\/uploads\/2025\/07\/Quiz-game-1-600x350.jpg 600w, https:\/\/www.aerobowl.com\/bowling-evreux\/wp-content\/uploads\/2025\/07\/Quiz-game-1-320x187.jpg 320w, https:\/\/www.aerobowl.com\/bowling-evreux\/wp-content\/uploads\/2025\/07\/Quiz-game-1-480x280.jpg 480w\" sizes=\"auto, (max-width: 1200px) 100vw, 1200px\" \/><\/a>Vous avez toujours r\u00eav\u00e9 de participer \u00e0 une \u00e9mission de jeu TV ?<\/strong><\/p>\n<p>Alors pr\u00e9parez-vous pour I-QUIZ, le premier quiz game \u00e0 Evreux o\u00f9 vous pourrez buzzer pour de vrai comme sur un plateau t\u00e9l\u00e9 en affrontant vos amis, votre famille ou vos coll\u00e8gues (de 3 \u00e0 10 joueurs en simultan\u00e9) au cours d\u2019une session enchainant 7 manches successives (chacune avec ses propres r\u00e8gles) et avec de nombreux th\u00e8mes : blind test, cin\u00e9ma, s\u00e9ries, sport, jeux-vid\u00e9os, people, histoire, imaginaire, &#8230;<\/p>\n<p>Le tout anim\u00e9 par <strong>Quizy<\/strong>, notre pr\u00e9sentateur interactif dot\u00e9 d\u2019une intelligence artificielle, qui fera le show tout au long de la partie.<br \/>\nNe pensez pas que parce que c\u2019est un robot il n\u2019est pas dot\u00e9 d\u2019intelligence. Il saura vous f\u00e9liciter si vous \u00eates bons, vous encourager si vous ne l\u2019\u00eates pas \u2026 et aussi vous mettre la pression s\u2019il en a envie !<\/p>\n<h3><a href=\"https:\/\/www.aerobowl.com\/bowling-evreux\/wp-content\/uploads\/2025\/07\/quizy-animateur.png\"><img loading=\"lazy\" decoding=\"async\" class=\"size-full wp-image-10354 aligncenter\" src=\"https:\/\/www.aerobowl.com\/bowling-evreux\/wp-content\/uploads\/2025\/07\/quizy-animateur.png\" alt=\"\" width=\"1085\" height=\"659\" srcset=\"https:\/\/www.aerobowl.com\/bowling-evreux\/wp-content\/uploads\/2025\/07\/quizy-animateur.png 1085w, https:\/\/www.aerobowl.com\/bowling-evreux\/wp-content\/uploads\/2025\/07\/quizy-animateur-800x486.png 800w, https:\/\/www.aerobowl.com\/bowling-evreux\/wp-content\/uploads\/2025\/07\/quizy-animateur-250x152.png 250w, https:\/\/www.aerobowl.com\/bowling-evreux\/wp-content\/uploads\/2025\/07\/quizy-animateur-600x364.png 600w, https:\/\/www.aerobowl.com\/bowling-evreux\/wp-content\/uploads\/2025\/07\/quizy-animateur-320x194.png 320w, https:\/\/www.aerobowl.com\/bowling-evreux\/wp-content\/uploads\/2025\/07\/quizy-animateur-480x292.png 480w\" sizes=\"auto, (max-width: 1085px) 100vw, 1085px\" \/><\/a><br \/>\n1 salle de quiz \u00e0 Evreux pouvant accueillir de 3 \u00e0 10 joueurs.<\/h3>\n<p>La quiz room comprend 5 pupitres (con\u00e7us pour 1 ou 2 joueurs), chacun \u00e9quip\u00e9 de 4 \u2018\u2019buzzers\u2019\u2019 (vous savez les gros boutons sur lesquels il faut appuyer \u2026 avec vos doigts bien s\u00fbr) qui vous permettront de r\u00e9pondre aux questions.<\/p>\n<p>La salle de quiz \u00e0 Evreux est \u00e9quip\u00e9e d\u2018un syst\u00e8me son type concert et de robots de lumi\u00e8re, pour assurer un show digne d\u2019une \u00e9mission de t\u00e9l\u00e9.<\/p>\n<p><strong><a href=\"https:\/\/www.aerobowl.com\/bowling-evreux\/wp-content\/uploads\/2025\/07\/Quiz_19-1-scaled.jpg\"><img loading=\"lazy\" decoding=\"async\" class=\"alignnone size-full wp-image-10413\" src=\"https:\/\/www.aerobowl.com\/bowling-evreux\/wp-content\/uploads\/2025\/07\/Quiz_19-1-scaled.jpg\" alt=\"\" width=\"2560\" height=\"1707\" srcset=\"https:\/\/www.aerobowl.com\/bowling-evreux\/wp-content\/uploads\/2025\/07\/Quiz_19-1-scaled.jpg 2560w, https:\/\/www.aerobowl.com\/bowling-evreux\/wp-content\/uploads\/2025\/07\/Quiz_19-1-750x500.jpg 750w, https:\/\/www.aerobowl.com\/bowling-evreux\/wp-content\/uploads\/2025\/07\/Quiz_19-1-1536x1024.jpg 1536w, https:\/\/www.aerobowl.com\/bowling-evreux\/wp-content\/uploads\/2025\/07\/Quiz_19-1-250x167.jpg 250w, https:\/\/www.aerobowl.com\/bowling-evreux\/wp-content\/uploads\/2025\/07\/Quiz_19-1-600x400.jpg 600w, https:\/\/www.aerobowl.com\/bowling-evreux\/wp-content\/uploads\/2025\/07\/Quiz_19-1-2048x1365.jpg 2048w, https:\/\/www.aerobowl.com\/bowling-evreux\/wp-content\/uploads\/2025\/07\/Quiz_19-1-320x213.jpg 320w, https:\/\/www.aerobowl.com\/bowling-evreux\/wp-content\/uploads\/2025\/07\/Quiz_19-1-480x320.jpg 480w, https:\/\/www.aerobowl.com\/bowling-evreux\/wp-content\/uploads\/2025\/07\/Quiz_19-1-800x533.jpg 800w\" sizes=\"auto, (max-width: 2560px) 100vw, 2560px\" \/><\/a>Le seul quiz game en France avec un v\u00e9ritable pr\u00e9sentateur interactif<\/strong><\/p>\n<p><strong>LE CONCEPT :<\/strong><\/p>\n<p>En famille, entre amis ou avec votre entreprise, vous prendrez place derri\u00e8re un pupitre \u00e9quip\u00e9 de 4 buzzers pour affronter d\u2019autres joueurs\/\u00e9quipes au cours de 7 \u00e9preuves de quiz cons\u00e9cutives, dans un d\u00e9cor de plateau TV avec un v\u00e9ritable show son et lumi\u00e8re.<\/p>\n<p>Pour gagner, pas besoin d\u2019\u00eatre le premier de la classe. Tout le monde a sa chance car il ne s\u2019agit pas seulement de questions de connaissance, mais \u00e9galement de bon sens, d\u2019observation ou encore de m\u00e9morisation.<\/p>\n<p><strong>7 manches successives.<\/strong><\/p>\n<p>Chaque session de quiz game se d\u00e9roule en 7 \u00e9preuves, chacune avec ses propres r\u00e8gles : Top D\u00e9part, Chrono Sprint, Objectif Five, Top Chrono, Multiplicateur, Braquage, Quitte ou Double.<\/p>\n<p>Pour gagner des points il faudra bien entendu trouver la bonne r\u00e9ponse. Mais parfois cela ne suffira pas. Il faudra \u00eatre plus rapide que les autres pour \u00eatre dans le peloton de t\u00eate ou pour pouvoir voler des points aux autres. Sans oublier l\u2019\u00e9preuve finale du quitte ou double o\u00f9 vous miserez le nombre points de votre choix, au risque de les perdre si vous r\u00e9pondez faux.<\/p>\n<p><a href=\"https:\/\/www.aerobowl.com\/bowling-evreux\/wp-content\/uploads\/2025\/07\/Quiz_19-scaled.jpg\"><img loading=\"lazy\" decoding=\"async\" class=\"alignnone size-full wp-image-10384\" src=\"https:\/\/www.aerobowl.com\/bowling-evreux\/wp-content\/uploads\/2025\/07\/Quiz_19-scaled.jpg\" alt=\"\" width=\"2560\" height=\"1707\" srcset=\"https:\/\/www.aerobowl.com\/bowling-evreux\/wp-content\/uploads\/2025\/07\/Quiz_19-scaled.jpg 2560w, https:\/\/www.aerobowl.com\/bowling-evreux\/wp-content\/uploads\/2025\/07\/Quiz_19-750x500.jpg 750w, https:\/\/www.aerobowl.com\/bowling-evreux\/wp-content\/uploads\/2025\/07\/Quiz_19-1536x1024.jpg 1536w, https:\/\/www.aerobowl.com\/bowling-evreux\/wp-content\/uploads\/2025\/07\/Quiz_19-250x167.jpg 250w, https:\/\/www.aerobowl.com\/bowling-evreux\/wp-content\/uploads\/2025\/07\/Quiz_19-600x400.jpg 600w, https:\/\/www.aerobowl.com\/bowling-evreux\/wp-content\/uploads\/2025\/07\/Quiz_19-2048x1365.jpg 2048w, https:\/\/www.aerobowl.com\/bowling-evreux\/wp-content\/uploads\/2025\/07\/Quiz_19-320x213.jpg 320w, https:\/\/www.aerobowl.com\/bowling-evreux\/wp-content\/uploads\/2025\/07\/Quiz_19-480x320.jpg 480w, https:\/\/www.aerobowl.com\/bowling-evreux\/wp-content\/uploads\/2025\/07\/Quiz_19-800x533.jpg 800w\" sizes=\"auto, (max-width: 2560px) 100vw, 2560px\" \/><\/a>Les questions et les th\u00e8mes<\/p>\n<p>Accessibles et vari\u00e9s, nos questionnaires s\u2019articulent autour de nombreux th\u00e8mes : blind test, cin\u00e9ma, s\u00e9ries, dessins anim\u00e9s, sport, jeux-vid\u00e9os, people, sciences et technologie, soci\u00e9t\u00e9, nature, histoire, imaginaire, &#8230;<\/p>\n<p>Au d\u00e9but de chaque manche, 4 questionnaires au choix vous seront propos\u00e9s. Et afin de permettre \u00e0 toutes les \u00e9quipes de rester dans la course, ce sera l\u2019\u00e9quipe le plus \u00e0 la traine au classement qui aura le privil\u00e8ge de choisir le prochain questionnaire.<\/p>\n<p><strong>Le rythme, c\u2019est la cl\u00e9 pour une session de quiz game intense et m\u00e9morable.<\/strong><\/p>\n<p>Alors pour que vous passiez un moment inoubliable dans notre salle de quiz \u00e0 Evreux, nous avons con\u00e7u une exp\u00e9rience qui ne vous laissera pas respirer.<\/p>\n<p>D\u2019une part gr\u00e2ce \u00e0 Quizy, notre pr\u00e9sentateur virtuel qui mettra l\u2019ambiance tout au long de la partie et d\u2019autre part gr\u00e2ce aux 7 \u00e9preuves de quiz qui vous attendent avec \u00e0 chaque fois des r\u00e8gles diff\u00e9rentes et des questionnaires aux th\u00e8mes vari\u00e9s.<\/p>\n<p>Sans oublier bien s\u00fbr l\u2019ambiance son et lumi\u00e8re, digne d\u2019un v\u00e9ritable show TV, qui vous en mettra plein les yeux et les oreilles.<\/p>\n<p>Faites chauffer les buzzers, la partie peut commencer !<\/p>\n<p><strong>LA SALLE ?<\/strong><\/p>\n<p>Une sc\u00e9nographie inspir\u00e9e des \u00e9missions de jeux t\u00e9l\u00e9vis\u00e9s<\/p>\n<p>A l\u2019instar des jeux TV tels que \u2018\u2019Qui veut gagner des millions ?\u2019\u2019, \u2018\u2019Le maillon faible\u2019\u2019, \u2018\u2019Questions pour un champion\u2019\u2019, \u2018\u2019Burger Quiz\u2019\u2019, \u2026, notre salle de quiz \u00e0 Evreux a \u00e9t\u00e9 con\u00e7ue pour vous faire vivre une exp\u00e9rience unique et immersive.<\/p>\n<p>Pour cela, le studios quiz est \u00e9quip\u00e9 de 5 pupitres (un par joueur\/\u00e9quipe) avec 4 buzzers lumineux, d\u2019un \u00e9cran g\u00e9ant de plus de 4 m de diagonale, d\u2019un syst\u00e8me son type salle de concert et de robots de lumi\u00e8re pour assurer une ambiance digne d\u2019un v\u00e9ritable show TV.<\/p>\n<p><strong>ENTRE AMIS OU EN FAMILLE<\/strong><\/p>\n<p>Organisez un quiz game en famille ou entre amis.<\/p>\n<p>Vous cherchez une activit\u00e9 originale pour partager un moment en famille ou entre amis, organiser un anniversaire ou un enterrement de vie de gar\u00e7on\/jeune fille ?<\/p>\n<p>Notre concept de jeu de quiz grandeur nature dans une ambiance de jeu TV est l\u2019activit\u00e9 id\u00e9ale qui allie connaissance, vitesse, strat\u00e9gie, comp\u00e9tition \u2018\u2019bon esprit\u2019\u2019 \u2026 et surtout beaucoup de fun.<\/p>\n<p><strong>TEAM BUILDING<\/strong><\/p>\n<p>Organisez votre Team Building Quiz Game \u00e0 Evreux chez I-QUIZ<\/p>\n<p>Vous \u00eates \u00e0 la recherche d\u2019une activit\u00e9 in\u00e9dite pour r\u00e9unir vos \u00e9quipes ?<\/p>\n<p>I-QUIZ est un tout nouveau concept de team building inspir\u00e9 des \u00e9missions de jeu TV, qui associe challenge, r\u00e9flexion, collaboration, strat\u00e9gie et convivialit\u00e9.<\/p>\n<p><strong>Un concept in\u00e9dit particuli\u00e8rement adapt\u00e9 aux entreprises !<\/strong>[\/vc_column_text][\/vc_column][\/vc_row]<\/p>\n","protected":false},"excerpt":{"rendered":"<p>[vc_row][vc_column column_height=\u00a0\u00bbverve_forced_clm\u00a0\u00bb css_animation=\u00a0\u00bbvrv_pulse\u00a0\u00bb width=\u00a0\u00bb1\/1&Prime;][vc_column_text] NOTRE ESPACE QUIZ EST OFFICIELLEMENT OUVERT ! I-QUIZ, le premier Quiz Game \u00e0 EVREUX Avec une salle digne d&rsquo;un VERITABLE STUDIO TV ! Vous avez toujours r\u00eav\u00e9 de participer \u00e0 une \u00e9mission de jeu TV ? Alors pr\u00e9parez-vous pour I-QUIZ, le premier quiz game \u00e0 Evreux o\u00f9 vous pourrez buzzer pour [&hellip;]<\/p>\n","protected":false},"author":1,"featured_media":0,"parent":0,"menu_order":0,"comment_status":"closed","ping_status":"closed","template":"","meta":{"_monsterinsights_skip_tracking":false,"_monsterinsights_sitenote_active":false,"_monsterinsights_sitenote_note":"","_monsterinsights_sitenote_category":0,"footnotes":""},"class_list":["post-10351","page","type-page","status-publish","hentry"],"aioseo_notices":[],"_links":{"self":[{"href":"https:\/\/www.aerobowl.com\/bowling-evreux\/wp-json\/wp\/v2\/pages\/10351","targetHints":{"allow":["GET"]}}],"collection":[{"href":"https:\/\/www.aerobowl.com\/bowling-evreux\/wp-json\/wp\/v2\/pages"}],"about":[{"href":"https:\/\/www.aerobowl.com\/bowling-evreux\/wp-json\/wp\/v2\/types\/page"}],"author":[{"embeddable":true,"href":"https:\/\/www.aerobowl.com\/bowling-evreux\/wp-json\/wp\/v2\/users\/1"}],"replies":[{"embeddable":true,"href":"https:\/\/www.aerobowl.com\/bowling-evreux\/wp-json\/wp\/v2\/comments?post=10351"}],"version-history":[{"count":24,"href":"https:\/\/www.aerobowl.com\/bowling-evreux\/wp-json\/wp\/v2\/pages\/10351\/revisions"}],"predecessor-version":[{"id":10443,"href":"https:\/\/www.aerobowl.com\/bowling-evreux\/wp-json\/wp\/v2\/pages\/10351\/revisions\/10443"}],"wp:attachment":[{"href":"https:\/\/www.aerobowl.com\/bowling-evreux\/wp-json\/wp\/v2\/media?parent=10351"}],"curies":[{"name":"wp","href":"https:\/\/api.w.org\/{rel}","templated":true}]}}