{"id":10406,"date":"2025-07-29T07:30:06","date_gmt":"2025-07-29T06:30:06","guid":{"rendered":"https:\/\/www.aerobowl.com\/bowling-evreux\/?page_id=10406"},"modified":"2025-10-14T07:36:42","modified_gmt":"2025-10-14T06:36:42","slug":"blind-test","status":"publish","type":"page","link":"https:\/\/www.aerobowl.com\/bowling-evreux\/blind-test\/","title":{"rendered":""},"content":{"rendered":"<h3 style=\"text-align: center;\" align=\"JUSTIFY\"><span style=\"color: #ff0000;\">NOTRE ESPACE BLIND TEST EST OFFICIELLEMENT OUVERT !<\/span><\/h3>\n<h1 style=\"text-align: center;\">Le Blind Test Musical \u00e0 reconnaissance vocale, un classique totalement revisit\u00e9 !<\/h1>\n<p><a href=\"https:\/\/www.aerobowl.com\/bowling-evreux\/wp-content\/uploads\/2025\/07\/Blind-test-evreux.jpg\"><img loading=\"lazy\" decoding=\"async\" class=\"alignnone size-full wp-image-10403\" src=\"https:\/\/www.aerobowl.com\/bowling-evreux\/wp-content\/uploads\/2025\/07\/Blind-test-evreux.jpg\" alt=\"\" width=\"1200\" height=\"844\" srcset=\"https:\/\/www.aerobowl.com\/bowling-evreux\/wp-content\/uploads\/2025\/07\/Blind-test-evreux.jpg 1200w, https:\/\/www.aerobowl.com\/bowling-evreux\/wp-content\/uploads\/2025\/07\/Blind-test-evreux-711x500.jpg 711w, https:\/\/www.aerobowl.com\/bowling-evreux\/wp-content\/uploads\/2025\/07\/Blind-test-evreux-250x176.jpg 250w, https:\/\/www.aerobowl.com\/bowling-evreux\/wp-content\/uploads\/2025\/07\/Blind-test-evreux-600x422.jpg 600w, https:\/\/www.aerobowl.com\/bowling-evreux\/wp-content\/uploads\/2025\/07\/Blind-test-evreux-320x225.jpg 320w, https:\/\/www.aerobowl.com\/bowling-evreux\/wp-content\/uploads\/2025\/07\/Blind-test-evreux-480x338.jpg 480w, https:\/\/www.aerobowl.com\/bowling-evreux\/wp-content\/uploads\/2025\/07\/Blind-test-evreux-800x563.jpg 800w\" sizes=\"auto, (max-width: 1200px) 100vw, 1200px\" \/><\/a><\/p>\n<p>Dans notre salle de Blind Test Musical \u00e0 L\u2019AERO Evreux, pouvant accueillir de 3 \u00e0 10 personnes, pr\u00e9parez-vous \u00e0 vivre une exp\u00e9rience immersive nouvelle g\u00e9n\u00e9ration au cours de laquelle chaque participant se voit remettre un smartphone \u00e9quip\u00e9 d&rsquo;un syst\u00e8me de reconnaissance vocale. Pour r\u00e9pondre, rien de plus simple : parlez, criez ou hurlez (c&rsquo;est vous qui voyez) et votre t\u00e9l\u00e9phone d\u00e9tectera votre voix. Si vous avez la bonne r\u00e9ponse avant les autres, les points sont pour vous.<\/p>\n<p>Au programme : 8 manches (chacune avec ses propres r\u00e8gles), 8 d\u00e9cors diff\u00e9rents, 24 personnages parmi lesquels vous devrez choisir celui qui vous repr\u00e9sentera dans le jeu, le tout anim\u00e9 par Quizy, notre pr\u00e9sentateur interactif.<\/p>\n<p>La salle de Blind Test Musical d\u2019Evreux est \u00e9quip\u00e9e d\u2018un \u00e9cran de plus de 4 m\u00e8tres de diagonale, d&rsquo;un syst\u00e8me son type concert et de jeux de lumi\u00e8re pour assurer un show ultra immersif.<\/p>\n<p><strong>Le seul concept de Blind Test \u00e0 reconnaissance vocale int\u00e9grant des d\u00e9cors, des avatars et un pr\u00e9sentateur interactif.<\/strong><\/p>\n<p><a href=\"https:\/\/www.aerobowl.com\/bowling-evreux\/wp-content\/uploads\/2025\/07\/Blind-Test_5.jpg\"><img loading=\"lazy\" decoding=\"async\" class=\"alignnone size-full wp-image-10362\" src=\"https:\/\/www.aerobowl.com\/bowling-evreux\/wp-content\/uploads\/2025\/07\/Blind-Test_5.jpg\" alt=\"\" width=\"2000\" height=\"1100\" srcset=\"https:\/\/www.aerobowl.com\/bowling-evreux\/wp-content\/uploads\/2025\/07\/Blind-Test_5.jpg 2000w, https:\/\/www.aerobowl.com\/bowling-evreux\/wp-content\/uploads\/2025\/07\/Blind-Test_5-800x440.jpg 800w, https:\/\/www.aerobowl.com\/bowling-evreux\/wp-content\/uploads\/2025\/07\/Blind-Test_5-1600x880.jpg 1600w, https:\/\/www.aerobowl.com\/bowling-evreux\/wp-content\/uploads\/2025\/07\/Blind-Test_5-250x138.jpg 250w, https:\/\/www.aerobowl.com\/bowling-evreux\/wp-content\/uploads\/2025\/07\/Blind-Test_5-600x330.jpg 600w, https:\/\/www.aerobowl.com\/bowling-evreux\/wp-content\/uploads\/2025\/07\/Blind-Test_5-1536x845.jpg 1536w, https:\/\/www.aerobowl.com\/bowling-evreux\/wp-content\/uploads\/2025\/07\/Blind-Test_5-320x176.jpg 320w, https:\/\/www.aerobowl.com\/bowling-evreux\/wp-content\/uploads\/2025\/07\/Blind-Test_5-480x264.jpg 480w\" sizes=\"auto, (max-width: 2000px) 100vw, 2000px\" \/><\/a>Afin de proposer une exp\u00e9rience m\u00e9morable qui aille bien au-del\u00e0 d&rsquo;un simple Blind Test que vous pourriez faire chez vous, notre exp\u00e9rience de Blind Test Musical \u00e0 Evreux int\u00e8gre :<\/p>\n<p>&#8211; 8 d\u00e9cors diff\u00e9rents (un d\u00e9cor sp\u00e9cifique associ\u00e9 \u00e0 chaque manche).<\/p>\n<p>&#8211; 24 avatars parmi lesquels vous devrez choisir celui qui vous repr\u00e9sentera dans le jeu.<\/p>\n<p>&#8211; 1 pr\u00e9sentateur interactif qui animera votre session depuis votre arriv\u00e9e jusqu&rsquo;\u00e0 l&rsquo;annonce du classement final.<\/p>\n<p><strong>LE CONCEPT<\/strong><\/p>\n<p>Notre concept de Blind Test Musical nouvelle g\u00e9n\u00e9ration r\u00e9invente le classique Blind Test pour vous permettre de vivre une exp\u00e9rience in\u00e9dite en famille, entre amis ou avec votre entreprise.<\/p>\n<p>Au d\u00e9but de la partie, chaque joueur se voit remettre un smartphone \u00e9quip\u00e9 d&rsquo;un syst\u00e8me de reconnaissance vocale. Pour r\u00e9pondre \u00e0 chaque question, rien de plus simple : il vous suffit de parler, crier ou hurler (c&rsquo;est vous qui voyez) et votre t\u00e9l\u00e9phone d\u00e9tectera automatiquement votre voix. Et si vous avez la bonne r\u00e9ponse avant les autres joueurs, les points sont pour vous.<\/p>\n<p>Au programme de notre exp\u00e9rience de Blind Test Musical : 8 manches (certaines qui se jouent en solo, d&rsquo;autres en \u00e9quipe et parfois m\u00eame tous contre un), 8 d\u00e9cors diff\u00e9rents, 24 personnages parmi lesquels vous devrez choisir celui qui vous repr\u00e9sentera dans le jeu et un pr\u00e9sentateur interactif qui animera votre session depuis votre arriv\u00e9e jusqu&rsquo;\u00e0 l&rsquo;annonce du classement final.<\/p>\n<p>Le tout dans une salle privatis\u00e9e, au d\u00e9cor \u00e9l\u00e9gant et intimiste, \u00e9quip\u00e9e d&rsquo;un syst\u00e8me son, vid\u00e9o et lumi\u00e8re professionnel.<\/p>\n<p><strong>Un smartphone par joueur :<\/strong><\/p>\n<p>Chaque joueur est \u00e9quip\u00e9 d&rsquo;un smartphone qui lui permettra de :<\/p>\n<p>. Voter pour le th\u00e8me musical de son choix au d\u00e9but de chaque manche.<\/p>\n<p>. R\u00e9pondre aux questions gr\u00e2ce \u00e0 un syst\u00e8me de reconnaissance vocale.<\/p>\n<p>. Voter pour passer au refrain ou passer \u00e0 la chanson suivante.<\/p>\n<h3><strong>Quizy, le pr\u00e9sentateur interactif qui fait le show.<\/strong><\/h3>\n<p><a href=\"https:\/\/www.aerobowl.com\/bowling-evreux\/wp-content\/uploads\/2025\/07\/quizy-animateur.png\"><img loading=\"lazy\" decoding=\"async\" class=\"alignnone size-full wp-image-10354\" src=\"https:\/\/www.aerobowl.com\/bowling-evreux\/wp-content\/uploads\/2025\/07\/quizy-animateur.png\" alt=\"\" width=\"1085\" height=\"659\" srcset=\"https:\/\/www.aerobowl.com\/bowling-evreux\/wp-content\/uploads\/2025\/07\/quizy-animateur.png 1085w, https:\/\/www.aerobowl.com\/bowling-evreux\/wp-content\/uploads\/2025\/07\/quizy-animateur-800x486.png 800w, https:\/\/www.aerobowl.com\/bowling-evreux\/wp-content\/uploads\/2025\/07\/quizy-animateur-250x152.png 250w, https:\/\/www.aerobowl.com\/bowling-evreux\/wp-content\/uploads\/2025\/07\/quizy-animateur-600x364.png 600w, https:\/\/www.aerobowl.com\/bowling-evreux\/wp-content\/uploads\/2025\/07\/quizy-animateur-320x194.png 320w, https:\/\/www.aerobowl.com\/bowling-evreux\/wp-content\/uploads\/2025\/07\/quizy-animateur-480x292.png 480w\" sizes=\"auto, (max-width: 1085px) 100vw, 1085px\" \/><\/a>Pour que votre exp\u00e9rience soit la plus fun et qualitative possible, votre session de Blind Test Musical sera anim\u00e9e par Quizy, un pr\u00e9sentateur interactif qui vous expliquera le fonctionnement des smartphones, le d\u00e9roulement de la partie et qui sera l\u00e0 \u00e0 chaque \u00e9tape du jeu pour vous expliquer les r\u00e8gles des nouvelles manches, vous pr\u00e9senter le classement, etc.<\/p>\n<p>Gr\u00e2ce \u00e0 Quizy, votre Blind Test Musical sera un v\u00e9ritable show, dans une ambiance festive.<\/p>\n<p>Un avatar personnalis\u00e9 pour chaque joueur.<\/p>\n<p>Au d\u00e9but de la partie, chaque joueur devra choisir l&rsquo;avatar qui le repr\u00e9sentera dans le jeu, parmi 24 personnages aux looks bien tranch\u00e9s.<br \/>\nEn fonction de votre personnalit\u00e9 et de vos go\u00fbts vestimentaires, votre exp\u00e9rience sera personnalis\u00e9e \u00e0 votre image.<\/p>\n<p>8 manches et 8 d\u00e9cors.<\/p>\n<p>Vous vous affronterez au cours de 8 manches, chacune avec ses propres r\u00e8gles : Carte Blanche, Fast &amp; Glorious, En Equipe, Booster, Ange ou D\u00e9mon, Tous contre Un, Chasse au Tr\u00e9sor et Le Go\u00fbt du Risque.<\/p>\n<p>Chaque manche se d\u00e9roulera dans un d\u00e9cor sp\u00e9cifique, afin de vivre une exp\u00e9rience visuelle ultra immersive : la Plage, la Lune, New-York, la Jungle, le Parc d&rsquo;Attractions, le Rooftop, l&rsquo;Oc\u00e9an et le Donjon.<\/p>\n<p>Les th\u00e8mes musicaux et les questions.<\/p>\n<p>Au d\u00e9but de chaque manche, plusieurs th\u00e8mes musicaux sont propos\u00e9s aux joueurs, qui individuellement depuis leur smartphone vont voter pour celui qu\u2019ils souhaitent jouer. Le th\u00e8me qui recueille la majorit\u00e9 des votes sera alors jou\u00e9 au cours de la manche.<\/p>\n<p>En fonction des th\u00e8mes choisis, les joueurs devront r\u00e9pondre \u00e0 diff\u00e9rents types de questions : trouver le nom de l\u2019artiste ou du groupe, le titre de la chanson, le titre du film, etc.<\/p>\n<p>Notre salle de Blind Test Musical s&rsquo;adresse \u00e0 tout le monde accessible \u00e0 tous.<\/p>\n<p><a href=\"https:\/\/www.aerobowl.com\/bowling-evreux\/wp-content\/uploads\/2025\/07\/Blind-Test_8.jpg\"><img loading=\"lazy\" decoding=\"async\" class=\"alignnone size-full wp-image-10359\" src=\"https:\/\/www.aerobowl.com\/bowling-evreux\/wp-content\/uploads\/2025\/07\/Blind-Test_8.jpg\" alt=\"\" width=\"2000\" height=\"1100\" srcset=\"https:\/\/www.aerobowl.com\/bowling-evreux\/wp-content\/uploads\/2025\/07\/Blind-Test_8.jpg 2000w, https:\/\/www.aerobowl.com\/bowling-evreux\/wp-content\/uploads\/2025\/07\/Blind-Test_8-800x440.jpg 800w, https:\/\/www.aerobowl.com\/bowling-evreux\/wp-content\/uploads\/2025\/07\/Blind-Test_8-1600x880.jpg 1600w, https:\/\/www.aerobowl.com\/bowling-evreux\/wp-content\/uploads\/2025\/07\/Blind-Test_8-250x138.jpg 250w, https:\/\/www.aerobowl.com\/bowling-evreux\/wp-content\/uploads\/2025\/07\/Blind-Test_8-600x330.jpg 600w, https:\/\/www.aerobowl.com\/bowling-evreux\/wp-content\/uploads\/2025\/07\/Blind-Test_8-1536x845.jpg 1536w, https:\/\/www.aerobowl.com\/bowling-evreux\/wp-content\/uploads\/2025\/07\/Blind-Test_8-320x176.jpg 320w, https:\/\/www.aerobowl.com\/bowling-evreux\/wp-content\/uploads\/2025\/07\/Blind-Test_8-480x264.jpg 480w\" sizes=\"auto, (max-width: 2000px) 100vw, 2000px\" \/><\/a><br \/>\nQue ce soit en famille, entre amis ou avec votre entreprise, pour un anniversaire, un enterrement de vie de gar\u00e7on\/jeune fille ou un team building, notre jeu de Blind Test Musical \u00e0 reconnaissance vocale est adapt\u00e9 pour tout type de public, sans limite d\u2019\u00e2ge.<\/p>\n<p><strong>LA SALLE<\/strong><\/p>\n<p>Une salle au d\u00e9cor intimiste et \u00e0 l&rsquo;ambiance musicale.<\/p>\n<p>Notre salle de Blind Test est d\u00e9cor\u00e9e avec soin pour retrouver l&rsquo;ambiance et le confort d&rsquo;un salon comme \u00e0 la maison, avec sofas et tables basses, pour partager un moment inoubliable avec vos proches.<\/p>\n<p>Le d\u00e9cor compos\u00e9 de multiples cadres photos en noir et blanc d\u00e9di\u00e9s \u00e0 des monstres sacr\u00e9s de la chanson conf\u00e8re \u00e0 notre salle une ambiance premium \u00e0 l&rsquo;univers 100% musical, dans lesquelles vous pourrez consommer les boissons que vous aurez command\u00e9 au bar.<\/p>\n<p><strong>Un syst\u00e8me son, vid\u00e9o et lumi\u00e8re professionnel pour une immersion totale.<\/strong><\/p>\n<p>Notre salle de Blind Test Musical est \u00e9quip\u00e9e d\u2018un \u00e9cran g\u00e9ant de plus de 4 m\u00e8tres de diagonale, d&rsquo;un syst\u00e8me son type concert et de nombreux jeux de lumi\u00e8re tout autour de la pi\u00e8ce dont les animations, les couleurs et le rythme \u00e9volueront en fonction des musiques diffus\u00e9es.<\/p>\n<p>Gr\u00e2ce \u00e0 ce dispositif professionnel, vous serez plong\u00e9s dans un v\u00e9ritable show immersif garantissant une ambiance unique.<\/p>\n<h4><strong>LES SESSIONS<\/strong><\/h4>\n<p>Un rythme effr\u00e9n\u00e9 pour une ambiance festive.<\/p>\n<p><a href=\"https:\/\/www.aerobowl.com\/bowling-evreux\/wp-content\/uploads\/2025\/07\/Blind-Test_4.jpg\"><img loading=\"lazy\" decoding=\"async\" class=\"alignnone size-full wp-image-10358\" src=\"https:\/\/www.aerobowl.com\/bowling-evreux\/wp-content\/uploads\/2025\/07\/Blind-Test_4.jpg\" alt=\"\" width=\"2000\" height=\"1100\" srcset=\"https:\/\/www.aerobowl.com\/bowling-evreux\/wp-content\/uploads\/2025\/07\/Blind-Test_4.jpg 2000w, https:\/\/www.aerobowl.com\/bowling-evreux\/wp-content\/uploads\/2025\/07\/Blind-Test_4-800x440.jpg 800w, https:\/\/www.aerobowl.com\/bowling-evreux\/wp-content\/uploads\/2025\/07\/Blind-Test_4-1600x880.jpg 1600w, https:\/\/www.aerobowl.com\/bowling-evreux\/wp-content\/uploads\/2025\/07\/Blind-Test_4-250x138.jpg 250w, https:\/\/www.aerobowl.com\/bowling-evreux\/wp-content\/uploads\/2025\/07\/Blind-Test_4-600x330.jpg 600w, https:\/\/www.aerobowl.com\/bowling-evreux\/wp-content\/uploads\/2025\/07\/Blind-Test_4-1536x845.jpg 1536w, https:\/\/www.aerobowl.com\/bowling-evreux\/wp-content\/uploads\/2025\/07\/Blind-Test_4-320x176.jpg 320w, https:\/\/www.aerobowl.com\/bowling-evreux\/wp-content\/uploads\/2025\/07\/Blind-Test_4-480x264.jpg 480w\" sizes=\"auto, (max-width: 2000px) 100vw, 2000px\" \/><\/a>Pour que vous passiez un moment inoubliable dans notre salle de Blind Test Musical \u00e0 Evreux, nous avons con\u00e7u une exp\u00e9rience au rythme intense qui ne vous laissera pas respirer.<\/p>\n<p>D\u2019une part gr\u00e2ce \u00e0 Quizy, notre pr\u00e9sentateur virtuel qui animera votre session depuis votre arriv\u00e9e dans la salle jusqu&rsquo;\u00e0 l&rsquo;annonce du classement final et d\u2019autre part gr\u00e2ce aux 8 manches qui s&rsquo;encha\u00eeneront avec \u00e0 chaque fois des r\u00e8gles diff\u00e9rentes, dans des d\u00e9cors 3D vari\u00e9s, avec une multitude de th\u00e8mes musicaux au choix et des milliers de chansons.<\/p>\n<p>Pr\u00e9voyez environ une heure pour votre session de Blind Test Musical \u00e0 L\u2019AERO Evreux.<\/p>\n<p>A votre arriv\u00e9e, nous vous attendrons \u00e0 l\u2019accueil du complexe de loisirs L\u2019AERO. Si vous le souhaitez, vous pourrez commander des boissons que vous pourrez emmener avec vous dans la salle de Blind Test.<\/p>\n<p>ENTRE AMIS OU EN FAMILLE<\/p>\n<p>Partagez une exp\u00e9rience de Blind Test Musical nouvelle g\u00e9n\u00e9ration avec vos proches.<\/p>\n<p>Vous cherchez une activit\u00e9 in\u00e9dite pour partager un moment convivial avec vos proches, organiser un anniversaire ou un enterrement de vie de gar\u00e7on \/ jeune fille ?<\/p>\n<p>Notre concept de Blind Test Musical \u00e0 reconnaissance vocale r\u00e9invente le classique Blind Test en vous proposant un cocktail explosif : une salle privatis\u00e9e dans une ambiance 100% musicale, une sc\u00e9nographie son, vid\u00e9o, lumi\u00e8re digne d&rsquo;un show TV, un pr\u00e9sentateur interactif pour animer votre session de A \u00e0 Z, 24 avatars parmi lesquels vous choisirez celui qui vous repr\u00e9sentera dans le jeu, 8 manches qui s&rsquo;enchainent avec des r\u00e8gles diff\u00e9rentes, 8 d\u00e9cors 3D qui vous transporteront dans des univers visuels vari\u00e9s pour une immersion totale, sans oublier une multitude de th\u00e8mes musicaux et des milliers de chansons au choix &#8230;<\/p>\n<p>Vous l&rsquo;avez compris, vous n&rsquo;allez pas vous ennuyer !<\/p>\n<p>&nbsp;<\/p>\n<p>TEAM BUILDING<\/p>\n<p>Renforcez l\u2019esprit d\u2019\u00e9quipe avec un Team Building Blind Test Musical \u00e0 Evreux.<br \/>\nUne activit\u00e9 entreprise nouvelle g\u00e9n\u00e9ration.<\/p>\n<p>Nous avons con\u00e7u notre activit\u00e9 de Team Building Blind Test Musical dans l&rsquo;objectif d&rsquo;apporter aux entreprises une exp\u00e9rience r\u00e9pondant \u00e0 leurs attentes en mati\u00e8re de coh\u00e9sion d\u2019\u00e9quipe.<\/p>\n","protected":false},"excerpt":{"rendered":"<p>NOTRE ESPACE BLIND TEST EST OFFICIELLEMENT OUVERT ! Le Blind Test Musical \u00e0 reconnaissance vocale, un classique totalement revisit\u00e9 ! Dans notre salle de Blind Test Musical \u00e0 L\u2019AERO Evreux, pouvant accueillir de 3 \u00e0 10 personnes, pr\u00e9parez-vous \u00e0 vivre une exp\u00e9rience immersive nouvelle g\u00e9n\u00e9ration au cours de laquelle chaque participant se voit remettre un [&hellip;]<\/p>\n","protected":false},"author":1,"featured_media":0,"parent":0,"menu_order":0,"comment_status":"closed","ping_status":"closed","template":"","meta":{"_monsterinsights_skip_tracking":false,"_monsterinsights_sitenote_active":false,"_monsterinsights_sitenote_note":"","_monsterinsights_sitenote_category":0,"footnotes":""},"class_list":["post-10406","page","type-page","status-publish","hentry"],"aioseo_notices":[],"_links":{"self":[{"href":"https:\/\/www.aerobowl.com\/bowling-evreux\/wp-json\/wp\/v2\/pages\/10406","targetHints":{"allow":["GET"]}}],"collection":[{"href":"https:\/\/www.aerobowl.com\/bowling-evreux\/wp-json\/wp\/v2\/pages"}],"about":[{"href":"https:\/\/www.aerobowl.com\/bowling-evreux\/wp-json\/wp\/v2\/types\/page"}],"author":[{"embeddable":true,"href":"https:\/\/www.aerobowl.com\/bowling-evreux\/wp-json\/wp\/v2\/users\/1"}],"replies":[{"embeddable":true,"href":"https:\/\/www.aerobowl.com\/bowling-evreux\/wp-json\/wp\/v2\/comments?post=10406"}],"version-history":[{"count":4,"href":"https:\/\/www.aerobowl.com\/bowling-evreux\/wp-json\/wp\/v2\/pages\/10406\/revisions"}],"predecessor-version":[{"id":10444,"href":"https:\/\/www.aerobowl.com\/bowling-evreux\/wp-json\/wp\/v2\/pages\/10406\/revisions\/10444"}],"wp:attachment":[{"href":"https:\/\/www.aerobowl.com\/bowling-evreux\/wp-json\/wp\/v2\/media?parent=10406"}],"curies":[{"name":"wp","href":"https:\/\/api.w.org\/{rel}","templated":true}]}}