{"id":1098,"date":"2022-07-22T09:25:41","date_gmt":"2022-07-22T08:25:41","guid":{"rendered":"https:\/\/www.aerobowl.com\/bowling-evreux\/?page_id=1098"},"modified":"2022-11-18T09:25:32","modified_gmt":"2022-11-18T08:25:32","slug":"salle-pour-groupes-et-reunions","status":"publish","type":"page","link":"https:\/\/www.aerobowl.com\/bowling-evreux\/salle-pour-groupes-et-reunions\/","title":{"rendered":"Salle pour groupes et r\u00e9unions"},"content":{"rendered":"<p>[vc_row][vc_column width=\u00a0\u00bb1\/1&Prime;][vc_column_text]<\/p>\n<div>1 rue Gay Lussac 27000 Evreux &#8211; T\u00e9l : 02.32.78.88.88<a href=\"https:\/\/www.aerobowl.com\/bowling-evreux\/contactez-aerobowl-espace-loisir\/\" target=\"_blank\" rel=\"noopener\"><img decoding=\"async\" src=\"https:\/\/www.aerobowl.com\/bowling-evreux\/wp-content\/uploads\/2022\/09\/logo-contact.png\" border=\"0\" \/><\/a><a href=\"https:\/\/www.facebook.com\/aero.bowling\" target=\"_blank\" rel=\"noopener\"><img decoding=\"async\" src=\"https:\/\/www.aerobowl.com\/bowling-evreux\/wp-content\/uploads\/2022\/09\/logo-facebook.png\" border=\"0\" \/><\/a><a href=\"https:\/\/www.instagram.com\/aerobowling\/\" target=\"_blank\" rel=\"noopener\"><img decoding=\"async\" src=\"https:\/\/www.aerobowl.com\/bowling-evreux\/wp-content\/uploads\/2022\/09\/logo-insta.png\" border=\"0\" \/><\/a><\/div>\n<p>[\/vc_column_text][\/vc_column][\/vc_row][vc_row][vc_column width=\u00a0\u00bb1\/1&Prime;][vc_column_text]<\/p>\n<h1 style=\"text-align: center;\"><strong>Salle de r\u00e9unions\u00a0<\/strong><\/h1>\n<h1 style=\"text-align: center;\"><strong> groupes et entreprises<\/strong><\/h1>\n<p>[\/vc_column_text][\/vc_column][\/vc_row][vc_row][vc_column width=\u00a0\u00bb1\/1&Prime;][vc_single_image style=\u00a0\u00bbvc_box_rounded\u00a0\u00bb image=\u00a0\u00bb9995&Prime; img_size=\u00a0\u00bb1100&#215;488&Prime; alignment=\u00a0\u00bbcenter\u00a0\u00bb onclick=\u00a0\u00bbimg_link_large\u00a0\u00bb css_animation=\u00a0\u00bbflipin_y\u00a0\u00bb css_delay=\u00a0\u00bb300&Prime;][vc_column_text]<\/p>\n<hr \/>\n<h2 style=\"text-align: center;\">Espace adaptable pour toutes les entreprises.<\/h2>\n<p style=\"text-align: center;\">Conscient de l&rsquo;\u00e9mergence et de l&rsquo;importance toujours croissante pour les entreprises d&rsquo;offrir \u00e0 son personnel un lieu de r\u00e9union original, adapt\u00e9 et f\u00e9d\u00e9rateur, l&rsquo;A\u00e9ro espace loisirs s&rsquo;est dot\u00e9 depuis 2022 d&rsquo;une salle d\u00e9di\u00e9e de plus de 270 m\u00b2.<\/p>\n<div style=\"text-align: center;\">Cet espace, totalement ind\u00e9pendant du reste de notre \u00e9tablissement, offre tranquillit\u00e9, ind\u00e9pendance et intimit\u00e9 pour vos r\u00e9unions, s\u00e9minaires d&rsquo;entreprise, Team Building et \u00e9v\u00e9nements sp\u00e9ciaux li\u00e9s \u00e0 vos \u00e9quipes (anniversaires, d\u00e9parts en retraite, dates cl\u00e9s&#8230;).<\/div>\n<div style=\"text-align: center;\">Cet espace est parfaitement modulable, il s&rsquo;adapte au nombre concret des employ\u00e9s convi\u00e9s \u00e0 votre \u00e9v\u00e9nement.<\/div>\n<div style=\"text-align: center;\">Il vous sera \u00e9galement possible de ponctuer votre journ\u00e9e par un acc\u00e8s \u00e0 nos structures (bowling, laser game, bar et jeux) et de proposer \u00e0 vos collaborateurs un repas dans ce m\u00eame espace, servi par notre \u00e9quipe.<\/div>\n<div style=\"text-align: center;\">Pour cela nous \u00e9tudions toutes vos demandes de devis et proposons de nombreuses solutions\u00a0adapt\u00e9es \u00e0 votre situation et surtout, \u00e0 vos besoins.<\/div>\n<p>[\/vc_column_text][\/vc_column][\/vc_row][vc_row][vc_column width=\u00a0\u00bb1\/1&Prime;][\/vc_column][\/vc_row]<\/p>\n","protected":false},"excerpt":{"rendered":"<p>[vc_row][vc_column width=\u00a0\u00bb1\/1&Prime;][vc_column_text] 1 rue Gay Lussac 27000 Evreux &#8211; T\u00e9l : 02.32.78.88.88 [\/vc_column_text][\/vc_column][\/vc_row][vc_row][vc_column width=\u00a0\u00bb1\/1&Prime;][vc_column_text] Salle de r\u00e9unions\u00a0 groupes et entreprises [\/vc_column_text][\/vc_column][\/vc_row][vc_row][vc_column width=\u00a0\u00bb1\/1&Prime;][vc_single_image style=\u00a0\u00bbvc_box_rounded\u00a0\u00bb image=\u00a0\u00bb9995&Prime; img_size=\u00a0\u00bb1100&#215;488&Prime; alignment=\u00a0\u00bbcenter\u00a0\u00bb onclick=\u00a0\u00bbimg_link_large\u00a0\u00bb css_animation=\u00a0\u00bbflipin_y\u00a0\u00bb css_delay=\u00a0\u00bb300&Prime;][vc_column_text] Espace adaptable pour toutes les entreprises. Conscient de l&rsquo;\u00e9mergence et de l&rsquo;importance toujours croissante pour les entreprises d&rsquo;offrir \u00e0 son personnel un lieu de r\u00e9union original, [&hellip;]<\/p>\n","protected":false},"author":1,"featured_media":1580,"parent":0,"menu_order":0,"comment_status":"closed","ping_status":"closed","template":"","meta":{"_monsterinsights_skip_tracking":false,"_monsterinsights_sitenote_active":false,"_monsterinsights_sitenote_note":"","_monsterinsights_sitenote_category":0,"footnotes":""},"class_list":["post-1098","page","type-page","status-publish","has-post-thumbnail","hentry"],"aioseo_notices":[],"_links":{"self":[{"href":"https:\/\/www.aerobowl.com\/bowling-evreux\/wp-json\/wp\/v2\/pages\/1098","targetHints":{"allow":["GET"]}}],"collection":[{"href":"https:\/\/www.aerobowl.com\/bowling-evreux\/wp-json\/wp\/v2\/pages"}],"about":[{"href":"https:\/\/www.aerobowl.com\/bowling-evreux\/wp-json\/wp\/v2\/types\/page"}],"author":[{"embeddable":true,"href":"https:\/\/www.aerobowl.com\/bowling-evreux\/wp-json\/wp\/v2\/users\/1"}],"replies":[{"embeddable":true,"href":"https:\/\/www.aerobowl.com\/bowling-evreux\/wp-json\/wp\/v2\/comments?post=1098"}],"version-history":[{"count":14,"href":"https:\/\/www.aerobowl.com\/bowling-evreux\/wp-json\/wp\/v2\/pages\/1098\/revisions"}],"predecessor-version":[{"id":10198,"href":"https:\/\/www.aerobowl.com\/bowling-evreux\/wp-json\/wp\/v2\/pages\/1098\/revisions\/10198"}],"wp:featuredmedia":[{"embeddable":true,"href":"https:\/\/www.aerobowl.com\/bowling-evreux\/wp-json\/wp\/v2\/media\/1580"}],"wp:attachment":[{"href":"https:\/\/www.aerobowl.com\/bowling-evreux\/wp-json\/wp\/v2\/media?parent=1098"}],"curies":[{"name":"wp","href":"https:\/\/api.w.org\/{rel}","templated":true}]}}