{"id":1254,"date":"2022-07-22T07:53:13","date_gmt":"2022-07-22T06:53:13","guid":{"rendered":"https:\/\/www.aerobowl.com\/bowling-evreux\/?page_id=1090"},"modified":"2025-07-21T07:45:29","modified_gmt":"2025-07-21T06:45:29","slug":"realite-virtuelle","status":"publish","type":"page","link":"https:\/\/www.aerobowl.com\/bowling-evreux\/laero-bowling-devreux\/realite-virtuelle\/","title":{"rendered":"R\u00e9alit\u00e9 Virtuelle"},"content":{"rendered":"<p>[vc_row font_color=\u00a0\u00bb#ffffff\u00a0\u00bb bg_color=\u00a0\u00bb#000000&Prime;][vc_column width=\u00a0\u00bb1\/1&Prime;][vc_column_text]<\/p>\n<div>1 rue Gay Lussac 27000 Evreux &#8211; T\u00e9l : 02.32.78.88.88<a href=\"https:\/\/www.aerobowl.com\/bowling-evreux\/contactez-aerobowl-espace-loisir\/\" target=\"_blank\" rel=\"noopener\"><img decoding=\"async\" src=\"https:\/\/www.aerobowl.com\/bowling-evreux\/wp-content\/uploads\/2022\/09\/logo-contact.png\" border=\"0\" \/><\/a><a href=\"https:\/\/www.facebook.com\/aero.bowling\" target=\"_blank\" rel=\"noopener\"><img decoding=\"async\" src=\"https:\/\/www.aerobowl.com\/bowling-evreux\/wp-content\/uploads\/2022\/09\/logo-facebook.png\" border=\"0\" \/><\/a><a href=\"https:\/\/www.instagram.com\/aerobowling\/\" target=\"_blank\" rel=\"noopener\"><img decoding=\"async\" src=\"https:\/\/www.aerobowl.com\/bowling-evreux\/wp-content\/uploads\/2022\/09\/logo-insta.png\" border=\"0\" \/><\/a><\/div>\n<p>[\/vc_column_text][\/vc_column][\/vc_row][vc_row][vc_column][vc_column_text]<\/p>\n<h2 style=\"text-align: center;\">Vous avez dit r\u00e9alit\u00e9 virtuelle ?<\/h2>\n<p>[\/vc_column_text][vc_single_image image=\u00a0\u00bb10186&Prime; img_size=\u00a0\u00bb1100&#215;468&Prime; alignment=\u00a0\u00bbcenter\u00a0\u00bb css_animation=\u00a0\u00bbvrv_fadeInDownBig\u00a0\u00bb css_delay=\u00a0\u00bb300&Prime;][vc_column_text]<\/p>\n<p style=\"text-align: center;\">Vous ne connaissez pas encore cette forme de jeu (ou vous en avez entendu vaguement parler) et c\u2019est normal, il s\u2019agit d\u2019un concept tr\u00e8s r\u00e9cent qui d\u00e9barque dans votre espace loisirs d\u2019Evreux !<\/p>\n<h3 style=\"text-align: center;\"><strong>A noter : Nos casques VR sont neufs avec une d\u00e9finition 4K !\u00a0<\/strong><\/h3>\n<hr \/>\n<p style=\"text-align: center;\"><b>Jouer virtuellement : comment, contre qui et avec qui ?<\/b><\/p>\n<p style=\"text-align: center;\">Le concept est simple et innovant : Nous vous \u00e9quipons d\u2019un casque de r\u00e9alit\u00e9 virtuelle 3D, d\u2019une arme et vous \u00e9voluez dans une salle d\u00e9di\u00e9e en immersion totale dans l\u2019univers que vous avez pr\u00e9alablement choisi. Le parcours virtuel se d\u00e9roule en toute s\u00e9curit\u00e9 et de mani\u00e8re adapt\u00e9e \u00e0 tous les \u00e2ges (\u00e0 partir de 10 ans). Vous pouvez jouer seul ou en \u00e9quipe.<\/p>\n<p style=\"text-align: center;\">Vous n\u2019en croirez pas vos yeux : l\u2019exp\u00e9rience est \u00e9poustouflante de r\u00e9alisme et fait appel \u00e0 tous vos sens et vos r\u00e9flexes !<\/p>\n<p style=\"text-align: center;\">Plusieurs univers s\u2019offrent \u00e0 vous : Vous pourrez ainsi affronter d\u2019horribles morts vivants en \u00e9quipe, vous d\u00e9fendre contre une arm\u00e9e de monstres assoiff\u00e9s de sang, prendre part \u00e0 des d\u00e9fis plus sportifs ou entrer dans un monde \u00e0 valeurs \u00e9ducatives autour des concepts \u00e9cologiques de notre plan\u00e8te\u2026 Bref, vous l\u2019avez compris : il y en a pour tout le monde et pour toutes les sensibilit\u00e9s.<\/p>\n<p>[\/vc_column_text][vc_video link=\u00a0\u00bbhttps:\/\/youtu.be\/uk467p_oRwQ\u00a0\u00bb el_width=\u00a0\u00bb80&Prime; align=\u00a0\u00bbcenter\u00a0\u00bb][vc_column_text css_animation=\u00a0\u00bbvrv_fadeInRightBig\u00a0\u00bb]<\/p>\n<h3 style=\"text-align: center;\"><strong>Tarifs : 14 euros la partie \/ 21 euros les deux parties.<\/strong><\/h3>\n<h3 style=\"text-align: center;\"><strong>Nos casques VR sont neufs avec une d\u00e9finition 4K !\u00a0<\/strong><\/h3>\n<h3 style=\"text-align: center;\">Les mondes virtuels propos\u00e9s, choisissez votre aventure :<\/h3>\n<p style=\"text-align: center;\">\u2014\u2014\u2014\u2014\u2014\u2014\u2014\u2013<\/p>\n<p style=\"text-align: center;\"><span class=\"ContentPasted0\"><strong>L\u2019HERITAGE DES MAYAS<\/strong>\u00a0(Livre 1)<\/span><\/p>\n<div style=\"text-align: center;\"><span style=\"color: #0f0f0f; font-family: Roboto, Arial, sans-serif;\"><span class=\"ContentPasted0\">Un ESCAPE GAME au c\u0153ur d&rsquo;une civilisation perdue cela vous tente ?<\/span><\/span><\/div>\n<div style=\"text-align: center;\"><span style=\"color: #0f0f0f; font-family: Roboto, Arial, sans-serif;\"><span class=\"ContentPasted0\">Cette formule fraichement invent\u00e9e a pour objectif de vous transformer en explorateur et de vous plonger au sein d&rsquo;un \u00e9difice Maya maudit, vieux de plusieurs milliers d&rsquo;ann\u00e9es&#8230;<\/span><\/span><\/div>\n<div style=\"text-align: center;\"><span style=\"color: #0f0f0f; font-family: Roboto, Arial, sans-serif;\"><span class=\"ContentPasted0\">Le jeu commence ainsi :\u00a0<\/span><\/span><span class=\"ContentPasted0\">Votre grand-p\u00e8re vient de d\u00e9c\u00e9der. Il laisse derri\u00e8re lui une fortune immense et un testament pour vous et vos cousins&#8230; Les plus dignes d&rsquo;entre vous seront l\u00e9gataires de cette fortune. Mais attention, pour cela il faudra d\u00e9jouer des pi\u00e8ges, trouver des indices&#8230;<\/span><\/div>\n<div style=\"text-align: center;\">\n<p><span class=\"ContentPasted0\">L&rsquo;intelligence, le courage et la d\u00e9duction seront vos seuls alli\u00e9s pour triompher\u00a0<\/span><span class=\"ContentPasted0\"><span class=\"ContentPasted0\">au sein de ce temple Maya hors du temps !<\/span><\/span><\/p>\n<p>La partie dure 20 minutes\u00a0 \/ 4 joueurs.<\/p>\n<hr \/>\n<\/div>\n<p style=\"text-align: center;\"><strong>CONTAGION VR 2150<\/strong><\/p>\n<p style=\"text-align: center;\">Tenue mise en place, arme per\u00e7ue : vous \u00eates lanc\u00e9 (seul ou jusqu\u2019\u00e0 8 joueurs) dans un univers sombre et lugubre digne d\u2019un film d\u2019horreur \u00e0 vous glacer le sang. Tr\u00e8s rapidement une horde de morts vivants surgit pour en d\u00e9coudre\u2026 Il sera alors de votre devoir de les \u00e9liminer et de remporter le maximum de points ! Dans cette optique, pas de place pour les sentiments ni pour la peur. Seuls les plus courageux en r\u00e9chapperont !<br \/>\nLe jeu se d\u00e9cline sous quatre niveaux : c\u2019est vous qui d\u00e9cidez de celui qui vous conviendra, du plus facile au plus ardu.<\/p>\n<p style=\"text-align: center;\">La partie dure 20 minutes.<\/p>\n<hr \/>\n<p style=\"text-align: center;\"><strong>CONTAGION ORIGINS<\/strong><\/p>\n<div style=\"text-align: center;\">Vous vous sentez l\u2019\u00e2me d\u2019un guerrier d\u00e9vou\u00e9 ? La peur n\u2019est pas votre point faible ? Vous voulez sauver la ville d\u2019un terrible virus qui transforme ses habitants en zombies ? Alors cette formule va vous pousser dans vos retranchements et faire de vous (seul ou en \u00e9quipe jusqu\u2019\u00e0 8 joueurs max) un d\u00e9tective charg\u00e9 d\u2019enqu\u00eater sur cette furieuse bact\u00e9rie destructrice ! D\u00e9duction, intelligence et bravoure seront votre fer de lance !<\/div>\n<div style=\"text-align: center;\">La partie dure 20 minutes.<\/div>\n<div style=\"text-align: center;\">\n<hr \/>\n<\/div>\n<div style=\"text-align: center;\">\n<div><strong>VIRTUAL ARENA<\/strong><\/div>\n<div><\/div>\n<div>Une formule hyper cardio d\u00e9di\u00e9e aux sportifs et aux fans de jeux vid\u00e9o en ligne\u2026 En ligne ? Non, ici il s\u2019agit bel et bien de choses concr\u00e8tes : vous \u00e9voluez en \u00e9quipe (de deux \u00e0 8 joueurs) dans un univers futuriste rempli de cachettes labyrinthiques, de surprises et de\u2026 peurs ! Objectif : d\u00e9truire l\u2019\u00e9quipe adverse, pas de quartiers ! Finalit\u00e9 : capturer le drapeau.<\/div>\n<div>La partie dure 20 minutes.<\/div>\n<div>\n<hr \/>\n<\/div>\n<div><strong>LA L\u00c9GENDE DE FARAGOR<\/strong><\/div>\n<div><\/div>\n<div>P\u00e9n\u00e9trer dans le monde de Faragor (seul ou jusqu\u2019\u00e0 8 joueurs) c\u2019est entrer dans un monde o\u00f9 la magie r\u00e8gne\u00a0en ma\u00eetre. Vous serez pour l\u2019occasion transform\u00e9 en guerrier magicien dans le but de lib\u00e9rer la belle Adrielle, prisonni\u00e8re de l\u2019horrible Racknor. Bien entendu vous n\u2019imaginez tout de m\u00eame pas que ce jeu se r\u00e9sume dans le fait de r\u00e9soudre des \u00e9nigmes\u00a0? Non, d\u2019affreux monstres venus de l\u2019enfer surgiront pour vous tendre des pi\u00e8ges et vous \u00e9liminer de mani\u00e8re odieuse !<\/div>\n<div>La partie dure 20 minutes.<\/div>\n<\/div>\n<hr \/>\n<div style=\"text-align: center;\">\n<div><strong>L\u2019ODYSS\u00c9E SAUVAGE<\/strong><\/div>\n<div><\/div>\n<div>Une aventure enrichissante pour toute la famille, les enfants et le milieu scolaire (de un \u00e0 8 participants). Un plongeon dans la faune et la flore de notre plan\u00e8te et une immersion ahurissante aupr\u00e8s d\u2019animaux sauvages : vous d\u00e9ambulez librement aupr\u00e8s des esp\u00e8ces les plus rares, belles et dangereuses de notre terre. Vous observez et apprenez tout en vous amusant. Un \u00ab Questionnaire \u00e0 choix multiples \u00bb r\u00e9v\u00e9lera en fin de jeu qui aura \u00e9t\u00e9 le plus attentif tout au long du voyage\u2026<\/div>\n<div>La partie dure 20 minutes.<\/div>\n<div>\n<hr \/>\n<\/div>\n<\/div>\n<div>\n<div style=\"text-align: center;\"><strong>VIRTUAL ARCTIC EXPEDITION<\/strong><\/div>\n<div style=\"text-align: center;\"><\/div>\n<div style=\"text-align: center;\">L\u2019\u00e9cologie vous fascine ? L\u2019univers marin vous fait r\u00eaver ? Que diriez-vous de plonger en immersion avec les baleines et autres curiosit\u00e9s sous-marines\u00a0?<\/div>\n<div style=\"text-align: center;\">Que diriez-vous \u00e9galement de faire un bon dans le temps et de vous retrouver en 2122 pour constater les d\u00e9g\u00e2ts du r\u00e9chauffement climatique \u00e0 venir ?\u2026<\/div>\n<div style=\"text-align: center;\">Cette formule de jeu se veut \u00e9ducative (seul ou en \u00e9quipe jusqu\u2019\u00e0 8 joueurs maxi) mais surtout remplie de po\u00e9sie et d\u2019images \u00e0 couper le souffle !<\/div>\n<\/div>\n<p>[\/vc_column_text][vc_single_image image=\u00a0\u00bb1471&Prime; img_size=\u00a0\u00bb1000&#215;458&Prime; alignment=\u00a0\u00bbcenter\u00a0\u00bb css_animation=\u00a0\u00bbflipin_y\u00a0\u00bb][\/vc_column][\/vc_row]<\/p>\n","protected":false},"excerpt":{"rendered":"<p>[vc_row font_color=\u00a0\u00bb#ffffff\u00a0\u00bb bg_color=\u00a0\u00bb#000000&Prime;][vc_column width=\u00a0\u00bb1\/1&Prime;][vc_column_text] 1 rue Gay Lussac 27000 Evreux &#8211; T\u00e9l : 02.32.78.88.88 [\/vc_column_text][\/vc_column][\/vc_row][vc_row][vc_column][vc_column_text] Vous avez dit r\u00e9alit\u00e9 virtuelle ? [\/vc_column_text][vc_single_image image=\u00a0\u00bb10186&Prime; img_size=\u00a0\u00bb1100&#215;468&Prime; alignment=\u00a0\u00bbcenter\u00a0\u00bb css_animation=\u00a0\u00bbvrv_fadeInDownBig\u00a0\u00bb css_delay=\u00a0\u00bb300&Prime;][vc_column_text] Vous ne connaissez pas encore cette forme de jeu (ou vous en avez entendu vaguement parler) et c\u2019est normal, il s\u2019agit d\u2019un concept tr\u00e8s r\u00e9cent qui d\u00e9barque dans [&hellip;]<\/p>\n","protected":false},"author":1,"featured_media":1495,"parent":8873,"menu_order":0,"comment_status":"closed","ping_status":"closed","template":"","meta":{"_monsterinsights_skip_tracking":false,"_monsterinsights_sitenote_active":false,"_monsterinsights_sitenote_note":"","_monsterinsights_sitenote_category":0,"footnotes":""},"class_list":["post-1254","page","type-page","status-publish","has-post-thumbnail","hentry"],"aioseo_notices":[],"_links":{"self":[{"href":"https:\/\/www.aerobowl.com\/bowling-evreux\/wp-json\/wp\/v2\/pages\/1254","targetHints":{"allow":["GET"]}}],"collection":[{"href":"https:\/\/www.aerobowl.com\/bowling-evreux\/wp-json\/wp\/v2\/pages"}],"about":[{"href":"https:\/\/www.aerobowl.com\/bowling-evreux\/wp-json\/wp\/v2\/types\/page"}],"author":[{"embeddable":true,"href":"https:\/\/www.aerobowl.com\/bowling-evreux\/wp-json\/wp\/v2\/users\/1"}],"replies":[{"embeddable":true,"href":"https:\/\/www.aerobowl.com\/bowling-evreux\/wp-json\/wp\/v2\/comments?post=1254"}],"version-history":[{"count":30,"href":"https:\/\/www.aerobowl.com\/bowling-evreux\/wp-json\/wp\/v2\/pages\/1254\/revisions"}],"predecessor-version":[{"id":10345,"href":"https:\/\/www.aerobowl.com\/bowling-evreux\/wp-json\/wp\/v2\/pages\/1254\/revisions\/10345"}],"up":[{"embeddable":true,"href":"https:\/\/www.aerobowl.com\/bowling-evreux\/wp-json\/wp\/v2\/pages\/8873"}],"wp:featuredmedia":[{"embeddable":true,"href":"https:\/\/www.aerobowl.com\/bowling-evreux\/wp-json\/wp\/v2\/media\/1495"}],"wp:attachment":[{"href":"https:\/\/www.aerobowl.com\/bowling-evreux\/wp-json\/wp\/v2\/media?parent=1254"}],"curies":[{"name":"wp","href":"https:\/\/api.w.org\/{rel}","templated":true}]}}