{"id":32,"date":"2015-11-20T14:38:52","date_gmt":"2015-11-20T13:38:52","guid":{"rendered":"http:\/\/www.aerobowl.com\/bowling-evreux\/?page_id=32"},"modified":"2025-10-24T05:50:10","modified_gmt":"2025-10-24T04:50:10","slug":"notre-espace-bowling-billards","status":"publish","type":"page","link":"https:\/\/www.aerobowl.com\/bowling-evreux\/laero-bowling-devreux\/notre-espace-bowling-billards\/","title":{"rendered":"Notre espace Bowling Billards"},"content":{"rendered":"<p>[vc_row font_color=\u00a0\u00bb#ffffff\u00a0\u00bb bg_color=\u00a0\u00bb#000000&Prime;][vc_column width=\u00a0\u00bb1\/1&Prime;][vc_column_text]<\/p>\n<div>1 rue Gay Lussac 27000 Evreux &#8211; T\u00e9l : 02.32.78.88.88<a href=\"https:\/\/www.aerobowl.com\/bowling-evreux\/contactez-aerobowl-espace-loisir\/\" target=\"_blank\" rel=\"noopener\"><img decoding=\"async\" src=\"https:\/\/www.aerobowl.com\/bowling-evreux\/wp-content\/uploads\/2022\/09\/logo-contact.png\" border=\"0\" \/><\/a><a href=\"https:\/\/www.facebook.com\/aero.bowling\" target=\"_blank\" rel=\"noopener\"><img decoding=\"async\" src=\"https:\/\/www.aerobowl.com\/bowling-evreux\/wp-content\/uploads\/2022\/09\/logo-facebook.png\" border=\"0\" \/><\/a><a href=\"https:\/\/www.instagram.com\/aerobowling\/\" target=\"_blank\" rel=\"noopener\"><img decoding=\"async\" src=\"https:\/\/www.aerobowl.com\/bowling-evreux\/wp-content\/uploads\/2022\/09\/logo-insta.png\" border=\"0\" \/><\/a><\/div>\n<p>[\/vc_column_text][\/vc_column][\/vc_row][vc_row bk_element=\u00a0\u00bbimage\u00a0\u00bb preload_bk=\u00a0\u00bbyes\u00a0\u00bb bg_image_repeat=\u00a0\u00bbverve_cover_top\u00a0\u00bb bg_image=\u00a0\u00bb9765&Prime;][vc_column][vc_column_text]<\/p>\n<h1 style=\"text-align: center;\"><strong>Bowling d&rsquo;Evreux<br \/>\n<\/strong><\/h1>\n<p>[\/vc_column_text][vc_single_image image=\u00a0\u00bb9967&Prime; img_size=\u00a0\u00bb1200&#215;568&Prime; alignment=\u00a0\u00bbcenter\u00a0\u00bb css_animation=\u00a0\u00bbbottom-to-top\u00a0\u00bb css_delay=\u00a0\u00bb500&Prime;][vc_column_text]<\/p>\n<p style=\"text-align: center;\"><strong>(Tarifs et horaires en bas de cette page !)<\/strong><\/p>\n<h2 style=\"text-align: center;\"><strong>Pas moins de 20 pistes de derni\u00e8re g\u00e9n\u00e9ration sont \u00e0 votre disposition pour un confort de jeu optimal.<\/strong><\/h2>\n<p style=\"text-align: center;\">Notre bowling est accessible \u00e0 tous les niveaux de jeux (d\u00e9butants et amateurs \u00e9clair\u00e9s).<br \/>\nEn famille, entre amis, pour passer de bons moments bowling et m\u00eame pour les professionnels et\/ou comp\u00e9titeurs car rappelons-le :\u00a0<strong>le bowling est aussi un sport.<\/strong><\/p>\n<p style=\"text-align: center;\">Certains grands noms du bowling s\u2019entrainent ou fr\u00e9quentent notre salle. Nous sommes honor\u00e9s de la pr\u00e9sence de clubs prestigieux (La Bonneville sur Iton, Saint S\u00e9bastien de Morsent, Saint Andr\u00e9 de l\u2019Eure). Notre salle fait l\u2019objet de comp\u00e9titions et rencontres officielles.<\/p>\n<h3 style=\"text-align: center;\"><strong>Alors venez vous aussi d\u00e9fier les plus grands ou tout simplement passer un bon moment en famille et\/ou entre amis !<\/strong><\/h3>\n<p style=\"text-align: center;\">Nos pistes sont huil\u00e9es pour les plus avertis d\u2019entre vous. Pour les plus petits, des rampes de lancement + barri\u00e8res\u00a0 facilitent le tir et permettent \u00e0 votre enfant de faire mouche \u00e0 chaque tir (bonheur assur\u00e9) !<\/p>\n<p>[\/vc_column_text][vc_single_image image=\u00a0\u00bb10452&Prime; img_size=\u00a0\u00bb1000&#215;1104&Prime; alignment=\u00a0\u00bbcenter\u00a0\u00bb onclick=\u00a0\u00bbimg_link_large\u00a0\u00bb css_animation=\u00a0\u00bbflipin_y\u00a0\u00bb css_delay=\u00a0\u00bb1000&Prime; title=\u00a0\u00bbTarifs\/horaires et forfaits de notre bowling :\u00a0\u00bb]<div class=\"simple_line shortcoded wpb_animate_when_almost_visible wpb_vrv_fadeInRightBig delay-50\" style=\"border-bottom-color:#707070;border-bottom-width:3px;margin-left:auto;margin-right:auto;\"><\/div>[vc_single_image image=\u00a0\u00bb10238&Prime; img_size=\u00a0\u00bb1000&#215;583&Prime; alignment=\u00a0\u00bbcenter\u00a0\u00bb onclick=\u00a0\u00bbimg_link_large\u00a0\u00bb css_animation=\u00a0\u00bbvrv_fadeInLeftBig\u00a0\u00bb css_delay=\u00a0\u00bb500&Prime;][\/vc_column][vc_column][\/vc_column][\/vc_row][vc_row][vc_column width=\u00a0\u00bb1\/1&Prime;][vc_column_text]<\/p>\n<ul>\n<li class=\"Style23 Style25\" style=\"text-align: center;\">Jours f\u00e9ri\u00e9s = tarifs du dimanche<\/li>\n<li class=\"Style26\" style=\"text-align: center;\">Veilles de jours f\u00e9ri\u00e9s = tarifs du samedi (si dimanche, tarifs du dimanche)<\/li>\n<li class=\"Style26\" style=\"text-align: center;\">Les jetons des forfaits sont \u00e0 utiliser le jour m\u00eame<\/li>\n<li class=\"Style26\" style=\"text-align: center;\">Apr\u00e8s la formule DAY, possibilit\u00e9 de reprendre 1 partie pour 3\u20ac<\/li>\n<li class=\"Style26\" style=\"text-align: center;\">Apr\u00e8s la formule NIGHT, possibilit\u00e9 de reprendre 1 partie pour 3\u20ac<\/li>\n<\/ul>\n<p>[\/vc_column_text][vc_video link=\u00a0\u00bbhttps:\/\/youtu.be\/wG9wyONka_I\u00a0\u00bb el_width=\u00a0\u00bb80&Prime; align=\u00a0\u00bbcenter\u00a0\u00bb][\/vc_column][\/vc_row]<\/p>\n","protected":false},"excerpt":{"rendered":"<p>[vc_row font_color=\u00a0\u00bb#ffffff\u00a0\u00bb bg_color=\u00a0\u00bb#000000&Prime;][vc_column width=\u00a0\u00bb1\/1&Prime;][vc_column_text] 1 rue Gay Lussac 27000 Evreux &#8211; T\u00e9l : 02.32.78.88.88 [\/vc_column_text][\/vc_column][\/vc_row][vc_row bk_element=\u00a0\u00bbimage\u00a0\u00bb preload_bk=\u00a0\u00bbyes\u00a0\u00bb bg_image_repeat=\u00a0\u00bbverve_cover_top\u00a0\u00bb bg_image=\u00a0\u00bb9765&Prime;][vc_column][vc_column_text] Bowling d&rsquo;Evreux [\/vc_column_text][vc_single_image image=\u00a0\u00bb9967&Prime; img_size=\u00a0\u00bb1200&#215;568&Prime; alignment=\u00a0\u00bbcenter\u00a0\u00bb css_animation=\u00a0\u00bbbottom-to-top\u00a0\u00bb css_delay=\u00a0\u00bb500&Prime;][vc_column_text] (Tarifs et horaires en bas de cette page !) Pas moins de 20 pistes de derni\u00e8re g\u00e9n\u00e9ration sont \u00e0 votre disposition pour un confort de jeu optimal. Notre [&hellip;]<\/p>\n","protected":false},"author":1,"featured_media":817,"parent":8873,"menu_order":0,"comment_status":"closed","ping_status":"closed","template":"","meta":{"_monsterinsights_skip_tracking":false,"_monsterinsights_sitenote_active":false,"_monsterinsights_sitenote_note":"","_monsterinsights_sitenote_category":0,"footnotes":""},"class_list":["post-32","page","type-page","status-publish","has-post-thumbnail","hentry"],"aioseo_notices":[],"_links":{"self":[{"href":"https:\/\/www.aerobowl.com\/bowling-evreux\/wp-json\/wp\/v2\/pages\/32","targetHints":{"allow":["GET"]}}],"collection":[{"href":"https:\/\/www.aerobowl.com\/bowling-evreux\/wp-json\/wp\/v2\/pages"}],"about":[{"href":"https:\/\/www.aerobowl.com\/bowling-evreux\/wp-json\/wp\/v2\/types\/page"}],"author":[{"embeddable":true,"href":"https:\/\/www.aerobowl.com\/bowling-evreux\/wp-json\/wp\/v2\/users\/1"}],"replies":[{"embeddable":true,"href":"https:\/\/www.aerobowl.com\/bowling-evreux\/wp-json\/wp\/v2\/comments?post=32"}],"version-history":[{"count":112,"href":"https:\/\/www.aerobowl.com\/bowling-evreux\/wp-json\/wp\/v2\/pages\/32\/revisions"}],"predecessor-version":[{"id":10454,"href":"https:\/\/www.aerobowl.com\/bowling-evreux\/wp-json\/wp\/v2\/pages\/32\/revisions\/10454"}],"up":[{"embeddable":true,"href":"https:\/\/www.aerobowl.com\/bowling-evreux\/wp-json\/wp\/v2\/pages\/8873"}],"wp:featuredmedia":[{"embeddable":true,"href":"https:\/\/www.aerobowl.com\/bowling-evreux\/wp-json\/wp\/v2\/media\/817"}],"wp:attachment":[{"href":"https:\/\/www.aerobowl.com\/bowling-evreux\/wp-json\/wp\/v2\/media?parent=32"}],"curies":[{"name":"wp","href":"https:\/\/api.w.org\/{rel}","templated":true}]}}