{"id":36,"date":"2015-11-20T14:44:34","date_gmt":"2015-11-20T13:44:34","guid":{"rendered":"http:\/\/www.aerobowl.com\/bowling-evreux\/?page_id=36"},"modified":"2025-11-07T05:23:53","modified_gmt":"2025-11-07T04:23:53","slug":"aerokid-parc-de-jeux-evreux","status":"publish","type":"page","link":"https:\/\/www.aerobowl.com\/bowling-evreux\/aerokid-parc-de-jeux-evreux\/","title":{"rendered":"A\u00e9rokid : espace jeux enfants"},"content":{"rendered":"<p>[vc_row font_color=\u00a0\u00bb#ffffff\u00a0\u00bb bg_color=\u00a0\u00bb#000000&Prime;][vc_column width=\u00a0\u00bb1\/1&Prime;][vc_column_text]<\/p>\n<div>1 rue Gay Lussac 27000 Evreux &#8211; T\u00e9l : 02.32.78.88.88<a href=\"https:\/\/www.aerobowl.com\/bowling-evreux\/contactez-aerobowl-espace-loisir\/\" target=\"_blank\" rel=\"noopener\"><img decoding=\"async\" src=\"https:\/\/www.aerobowl.com\/bowling-evreux\/wp-content\/uploads\/2022\/09\/logo-contact.png\" border=\"0\" \/><\/a><a href=\"https:\/\/www.facebook.com\/aero.bowling\" target=\"_blank\" rel=\"noopener\"><img decoding=\"async\" src=\"https:\/\/www.aerobowl.com\/bowling-evreux\/wp-content\/uploads\/2022\/09\/logo-facebook.png\" border=\"0\" \/><\/a><a href=\"https:\/\/www.instagram.com\/aerobowling\/\" target=\"_blank\" rel=\"noopener\"><img decoding=\"async\" src=\"https:\/\/www.aerobowl.com\/bowling-evreux\/wp-content\/uploads\/2022\/09\/logo-insta.png\" border=\"0\" \/><\/a><\/div>\n<p>[\/vc_column_text][\/vc_column][\/vc_row][vc_row bk_type=\u00a0\u00bbverve_full_row\u00a0\u00bb row_height=\u00a0\u00bbforced_row\u00a0\u00bb bk_element=\u00a0\u00bbimage\u00a0\u00bb preload_bk=\u00a0\u00bbyes\u00a0\u00bb append_arrow=\u00a0\u00bbyes\u00a0\u00bb css_animation=\u00a0\u00bbflipin_x\u00a0\u00bb bg_image=\u00a0\u00bb9807&Prime;][vc_column][vc_column_text]<\/p>\n<h1 class=\"Style24\" style=\"text-align: center;\" align=\"left\"><strong>Un parc de jeux pour les enfants !<\/strong><\/h1>\n<p>[\/vc_column_text][vc_single_image image=\u00a0\u00bb10449&Prime; img_size=\u00a0\u00bb1000&#215;486&Prime; alignment=\u00a0\u00bbcenter\u00a0\u00bb css_animation=\u00a0\u00bbflipin_y\u00a0\u00bb css_delay=\u00a0\u00bb1000&Prime;][vc_column_text]<\/p>\n<h2 style=\"text-align: center;\"><strong>Tu as moins de 12 ans ?<br \/>\nL\u2019\u00e9quipe de l\u2019A\u00e9rokid t\u2019invite \u00e0 venir d\u00e9couvrir son univers magique !<\/strong><\/h2>\n<p style=\"text-align: center;\">Une structure tubulaire (Toboggan, parcours en couleurs, mini voitures, labyrinthe\u2026) o\u00f9 tu pourras t\u2019amuser en toute s\u00e9curit\u00e9.<br \/>\nMonte ! escalade ! d\u00e9foule-toi, sois habile et t\u00e9m\u00e9raire car nos amis te r\u00e9servent beaucoup de surprises !!!<\/p>\n<h3 style=\"text-align: center;\">A noter : Cet espace de jeux pour les enfants est Totalement climatis\u00e9 !<\/h3>\n<h3 style=\"text-align: center;\"><a href=\"https:\/\/www.aerobowl.com\/bowling-evreux\/wp-content\/uploads\/2025\/10\/interdiction-de-manger-et-boire.jpg\"><img loading=\"lazy\" decoding=\"async\" class=\"wp-image-10458 size-thumbnail aligncenter\" src=\"https:\/\/www.aerobowl.com\/bowling-evreux\/wp-content\/uploads\/2025\/10\/interdiction-de-manger-et-boire-250x250.jpg\" alt=\"\" width=\"250\" height=\"250\" srcset=\"https:\/\/www.aerobowl.com\/bowling-evreux\/wp-content\/uploads\/2025\/10\/interdiction-de-manger-et-boire-250x250.jpg 250w, https:\/\/www.aerobowl.com\/bowling-evreux\/wp-content\/uploads\/2025\/10\/interdiction-de-manger-et-boire-500x500.jpg 500w, https:\/\/www.aerobowl.com\/bowling-evreux\/wp-content\/uploads\/2025\/10\/interdiction-de-manger-et-boire-600x600.jpg 600w, https:\/\/www.aerobowl.com\/bowling-evreux\/wp-content\/uploads\/2025\/10\/interdiction-de-manger-et-boire-320x320.jpg 320w, https:\/\/www.aerobowl.com\/bowling-evreux\/wp-content\/uploads\/2025\/10\/interdiction-de-manger-et-boire-480x480.jpg 480w, https:\/\/www.aerobowl.com\/bowling-evreux\/wp-content\/uploads\/2025\/10\/interdiction-de-manger-et-boire.jpg 700w\" sizes=\"auto, (max-width: 250px) 100vw, 250px\" \/><\/a><\/h3>\n<p style=\"text-align: center;\"><span data-olk-copy-source=\"MessageBody\">Nourriture et boissons exterieures interdites.<\/span><\/p>\n<p>[\/vc_column_text][vc_video link=\u00a0\u00bbhttps:\/\/youtu.be\/tbz3Zoh6m0Q?rel=0&Prime; align=\u00a0\u00bbcenter\u00a0\u00bb title=\u00a0\u00bbL&rsquo;Aerokid en vid\u00e9o\u00a0\u00bb][vc_column_text]<\/p>\n<h4 style=\"text-align: center;\">HORAIRES de notre Parc de jeux enfants :<\/h4>\n<ul>\n<li style=\"text-align: center;\"><strong>Hors p\u00e9riode de vacances scolaires<br \/>\n<\/strong>Mercredi de 14h \u00e0 19h et Samedi + Dimanche de 10h \u00e0 12h et 14h \u00e0 19h.<\/li>\n<li>\n<p style=\"text-align: center;\"><strong>En p\u00e9riode de vacances scolaires<br \/>\n<\/strong>Le lundi de 14h \u00e0 19h \/ Du mardi au dimanche de 10h \u00e0 12h et de 14h \u00e0 19h.<\/p>\n<\/li>\n<\/ul>\n<p>[\/vc_column_text][vc_column_text]<\/p>\n<p style=\"text-align: center;\"><strong>Assistantes maternelles, centres sp\u00e9cialis\u00e9s, \u00e9coles, colonies de vacances :\u00a0<a title=\"Contactez l\u2019A\u00e9ro\" href=\"https:\/\/www.aerobowl.com\/bowling-evreux\/contactez-laero\/\">prenez contact avec nous<\/a>\u00a0car des ouvertures r\u00e9serv\u00e9es peuvent \u00eatre programm\u00e9es sur r\u00e9servation !<\/strong><\/p>\n<p>[\/vc_column_text]<div class=\"verve_bquote_wrapper wpb_animate_when_almost_visible wpb_left-to-right\"><div class=\"prk_blockquote plain vrv_df\"><div class=\"in_quote small_headings_color\">Et n\u2019oublie pas qu\u2019\u00e0 l\u2019A\u00e9rokid d\u2019Evreux, tu peux \u00e9galement venir faire la f\u00eate avec tes amis \u00e0 l\u2019occasion de ton anniversaire. Comme te le montre le visuel ci-dessous, des formules tr\u00e8s attractives te seront r\u00e9serv\u00e9es et tu repartiras avec un cadeau !<br \/>\n(Voir \u00e9galement les offres Anniversaires enfants Bowling\/ laser game d\u2019Evreux.)<\/p>\n<p>Nos formules sont toutes propos\u00e9es sur r\u00e9servation :<\/div><div class=\"pirenko_author zero_color prk_heavier_600\"><span class=\"after_author zero_color\"><\/span><\/div><\/div><\/div>[vc_single_image image=\u00a0\u00bb10291&Prime; img_size=\u00a0\u00bb700&#215;1110&Prime; alignment=\u00a0\u00bbcenter\u00a0\u00bb onclick=\u00a0\u00bbimg_link_large\u00a0\u00bb css_animation=\u00a0\u00bbflipin_y\u00a0\u00bb css_delay=\u00a0\u00bb500&Prime;][\/vc_column][\/vc_row][vc_row][vc_column width=\u00a0\u00bb1\/1&Prime;][vc_column_text css_animation=\u00a0\u00bbvrv_fadeInRightBig\u00a0\u00bb]<\/p>\n<p style=\"text-align: center;\"><strong>T\u00e9l\u00e9charge nos \u00ab\u00a0<a href=\"https:\/\/www.aerobowl.com\/bowling-evreux\/carton-dinvitation\/\">Cartons d&rsquo;invitations anniversaires<\/a>\u00a0\u00bb pour distribuer \u00e0 tes copains pour votre venue \u00e0 l&rsquo;A\u00e9rokid !<\/strong><\/p>\n<p>[\/vc_column_text][\/vc_column][\/vc_row]<\/p>\n","protected":false},"excerpt":{"rendered":"<p>[vc_row font_color=\u00a0\u00bb#ffffff\u00a0\u00bb bg_color=\u00a0\u00bb#000000&Prime;][vc_column width=\u00a0\u00bb1\/1&Prime;][vc_column_text] 1 rue Gay Lussac 27000 Evreux &#8211; T\u00e9l : 02.32.78.88.88 [\/vc_column_text][\/vc_column][\/vc_row][vc_row bk_type=\u00a0\u00bbverve_full_row\u00a0\u00bb row_height=\u00a0\u00bbforced_row\u00a0\u00bb bk_element=\u00a0\u00bbimage\u00a0\u00bb preload_bk=\u00a0\u00bbyes\u00a0\u00bb append_arrow=\u00a0\u00bbyes\u00a0\u00bb css_animation=\u00a0\u00bbflipin_x\u00a0\u00bb bg_image=\u00a0\u00bb9807&Prime;][vc_column][vc_column_text] Un parc de jeux pour les enfants ! [\/vc_column_text][vc_single_image image=\u00a0\u00bb10449&Prime; img_size=\u00a0\u00bb1000&#215;486&Prime; alignment=\u00a0\u00bbcenter\u00a0\u00bb css_animation=\u00a0\u00bbflipin_y\u00a0\u00bb css_delay=\u00a0\u00bb1000&Prime;][vc_column_text] Tu as moins de 12 ans ? L\u2019\u00e9quipe de l\u2019A\u00e9rokid t\u2019invite \u00e0 venir d\u00e9couvrir son univers magique ! Une [&hellip;]<\/p>\n","protected":false},"author":1,"featured_media":813,"parent":0,"menu_order":0,"comment_status":"closed","ping_status":"closed","template":"","meta":{"_monsterinsights_skip_tracking":false,"_monsterinsights_sitenote_active":false,"_monsterinsights_sitenote_note":"","_monsterinsights_sitenote_category":0,"footnotes":""},"class_list":["post-36","page","type-page","status-publish","has-post-thumbnail","hentry"],"aioseo_notices":[],"_links":{"self":[{"href":"https:\/\/www.aerobowl.com\/bowling-evreux\/wp-json\/wp\/v2\/pages\/36","targetHints":{"allow":["GET"]}}],"collection":[{"href":"https:\/\/www.aerobowl.com\/bowling-evreux\/wp-json\/wp\/v2\/pages"}],"about":[{"href":"https:\/\/www.aerobowl.com\/bowling-evreux\/wp-json\/wp\/v2\/types\/page"}],"author":[{"embeddable":true,"href":"https:\/\/www.aerobowl.com\/bowling-evreux\/wp-json\/wp\/v2\/users\/1"}],"replies":[{"embeddable":true,"href":"https:\/\/www.aerobowl.com\/bowling-evreux\/wp-json\/wp\/v2\/comments?post=36"}],"version-history":[{"count":104,"href":"https:\/\/www.aerobowl.com\/bowling-evreux\/wp-json\/wp\/v2\/pages\/36\/revisions"}],"predecessor-version":[{"id":10461,"href":"https:\/\/www.aerobowl.com\/bowling-evreux\/wp-json\/wp\/v2\/pages\/36\/revisions\/10461"}],"wp:featuredmedia":[{"embeddable":true,"href":"https:\/\/www.aerobowl.com\/bowling-evreux\/wp-json\/wp\/v2\/media\/813"}],"wp:attachment":[{"href":"https:\/\/www.aerobowl.com\/bowling-evreux\/wp-json\/wp\/v2\/media?parent=36"}],"curies":[{"name":"wp","href":"https:\/\/api.w.org\/{rel}","templated":true}]}}