{"id":38,"date":"2015-11-20T14:45:53","date_gmt":"2015-11-20T13:45:53","guid":{"rendered":"http:\/\/www.aerobowl.com\/bowling-evreux\/?page_id=38"},"modified":"2023-01-30T09:31:30","modified_gmt":"2023-01-30T08:31:30","slug":"restaurant-brasserie","status":"publish","type":"page","link":"https:\/\/www.aerobowl.com\/bowling-evreux\/restaurant-brasserie\/","title":{"rendered":"Brasserie restaurant l&rsquo;A\u00e9ro"},"content":{"rendered":"<p>[vc_row bk_type=\u00a0\u00bbverve_full_row\u00a0\u00bb row_height=\u00a0\u00bbvrv_fixed_height\u00a0\u00bb row_fixed=\u00a0\u00bb10&Prime; font_color=\u00a0\u00bb#ffffff\u00a0\u00bb bg_color=\u00a0\u00bb#000000&Prime;][vc_column width=\u00a0\u00bb1\/1&Prime;][vc_column_text]<\/p>\n<div>1 rue Gay Lussac 27000 Evreux &#8211; T\u00e9l : 02.32.78.88.88<a href=\"https:\/\/www.aerobowl.com\/bowling-evreux\/contactez-aerobowl-espace-loisir\/\" target=\"_blank\" rel=\"noopener\"><img decoding=\"async\" src=\"https:\/\/www.aerobowl.com\/bowling-evreux\/wp-content\/uploads\/2022\/09\/logo-contact.png\" border=\"0\" \/><\/a><a href=\"https:\/\/www.facebook.com\/aero.bowling\" target=\"_blank\" rel=\"noopener\"><img decoding=\"async\" src=\"https:\/\/www.aerobowl.com\/bowling-evreux\/wp-content\/uploads\/2022\/09\/logo-facebook.png\" border=\"0\" \/><\/a><a href=\"https:\/\/www.instagram.com\/aerobowling\/\" target=\"_blank\" rel=\"noopener\"><img decoding=\"async\" src=\"https:\/\/www.aerobowl.com\/bowling-evreux\/wp-content\/uploads\/2022\/09\/logo-insta.png\" border=\"0\" \/><\/a><\/div>\n<p>[\/vc_column_text][\/vc_column][\/vc_row][vc_row][vc_column bg_color=\u00a0\u00bb#ffffff\u00a0\u00bb][vc_column_text]<\/p>\n<h1 style=\"text-align: center;\">Brasserie restaurant l&rsquo;A\u00e9ro.<\/h1>\n<p>[\/vc_column_text][vc_single_image image=\u00a0\u00bb10000&Prime; img_size=\u00a0\u00bb1100&#215;616&Prime; alignment=\u00a0\u00bbcenter\u00a0\u00bb css_animation=\u00a0\u00bbvrv_fadeInUpBig\u00a0\u00bb css_delay=\u00a0\u00bb1000&Prime;][vc_column_text]<\/p>\n<p style=\"text-align: center;\"><strong>Notre espace restaurant se veut avant tout un lieu de convivialit\u00e9 d\u00e9di\u00e9 au plaisir et aux saveurs simples.<\/strong><\/p>\n<p style=\"text-align: center;\">En famille, entre coll\u00e8gues, pour un \u00e9v\u00e9nement particulier, un d\u00e9part en retraite, un <a href=\"https:\/\/www.aerobowl.com\/bowling-evreux\/forfaits-enterrement-vie-celibataire-filles-garcons\/\">enterrement de vie de jeune fille\/ gar\u00e7on<\/a>, pour un <a href=\"https:\/\/www.aerobowl.com\/bowling-evreux\/anniversaires-et-soirees\/\">anniversaire<\/a>&#8230; Venez faire une pose, vous r\u00e9unir et d\u00e9guster nos 3 formules : le buffet Froid, le chiken party et le menu A\u00e9ro.<\/p>\n<p style=\"text-align: center;\"><strong>Attention, uniquement sur r\u00e9servation, minimum 7 jours \u00e0 l\u2019avance \/ Uniquement pour 15 personnes minimum.<\/strong><\/p>\n<p style=\"text-align: center;\">(d\u00e9tails et tarifs prochainement en ligne).<\/p>\n<ul>\n<li style=\"text-align: center;\"><strong>Id\u00e9e : pour les groupes de plus de 15 personnes, il vous est possible de cumuler plusieurs forfaits\/activit\u00e9s (bowling \/ laser game \/ RV\u2026) avec l\u2019une de nos formules resto. Nous r\u00e9alisons pour cela des devis sur mesure, selon vos d\u00e9sirs.<\/strong><\/li>\n<\/ul>\n<p>[\/vc_column_text][\/vc_column][\/vc_row]<\/p>\n","protected":false},"excerpt":{"rendered":"<p>[vc_row bk_type=\u00a0\u00bbverve_full_row\u00a0\u00bb row_height=\u00a0\u00bbvrv_fixed_height\u00a0\u00bb row_fixed=\u00a0\u00bb10&Prime; font_color=\u00a0\u00bb#ffffff\u00a0\u00bb bg_color=\u00a0\u00bb#000000&Prime;][vc_column width=\u00a0\u00bb1\/1&Prime;][vc_column_text] 1 rue Gay Lussac 27000 Evreux &#8211; T\u00e9l : 02.32.78.88.88 [\/vc_column_text][\/vc_column][\/vc_row][vc_row][vc_column bg_color=\u00a0\u00bb#ffffff\u00a0\u00bb][vc_column_text] Brasserie restaurant l&rsquo;A\u00e9ro. [\/vc_column_text][vc_single_image image=\u00a0\u00bb10000&Prime; img_size=\u00a0\u00bb1100&#215;616&Prime; alignment=\u00a0\u00bbcenter\u00a0\u00bb css_animation=\u00a0\u00bbvrv_fadeInUpBig\u00a0\u00bb css_delay=\u00a0\u00bb1000&Prime;][vc_column_text] Notre espace restaurant se veut avant tout un lieu de convivialit\u00e9 d\u00e9di\u00e9 au plaisir et aux saveurs simples. En famille, entre coll\u00e8gues, pour un \u00e9v\u00e9nement particulier, un [&hellip;]<\/p>\n","protected":false},"author":1,"featured_media":383,"parent":0,"menu_order":0,"comment_status":"closed","ping_status":"closed","template":"","meta":{"_monsterinsights_skip_tracking":false,"_monsterinsights_sitenote_active":false,"_monsterinsights_sitenote_note":"","_monsterinsights_sitenote_category":0,"footnotes":""},"class_list":["post-38","page","type-page","status-publish","has-post-thumbnail","hentry"],"aioseo_notices":[],"_links":{"self":[{"href":"https:\/\/www.aerobowl.com\/bowling-evreux\/wp-json\/wp\/v2\/pages\/38","targetHints":{"allow":["GET"]}}],"collection":[{"href":"https:\/\/www.aerobowl.com\/bowling-evreux\/wp-json\/wp\/v2\/pages"}],"about":[{"href":"https:\/\/www.aerobowl.com\/bowling-evreux\/wp-json\/wp\/v2\/types\/page"}],"author":[{"embeddable":true,"href":"https:\/\/www.aerobowl.com\/bowling-evreux\/wp-json\/wp\/v2\/users\/1"}],"replies":[{"embeddable":true,"href":"https:\/\/www.aerobowl.com\/bowling-evreux\/wp-json\/wp\/v2\/comments?post=38"}],"version-history":[{"count":62,"href":"https:\/\/www.aerobowl.com\/bowling-evreux\/wp-json\/wp\/v2\/pages\/38\/revisions"}],"predecessor-version":[{"id":10214,"href":"https:\/\/www.aerobowl.com\/bowling-evreux\/wp-json\/wp\/v2\/pages\/38\/revisions\/10214"}],"wp:featuredmedia":[{"embeddable":true,"href":"https:\/\/www.aerobowl.com\/bowling-evreux\/wp-json\/wp\/v2\/media\/383"}],"wp:attachment":[{"href":"https:\/\/www.aerobowl.com\/bowling-evreux\/wp-json\/wp\/v2\/media?parent=38"}],"curies":[{"name":"wp","href":"https:\/\/api.w.org\/{rel}","templated":true}]}}