{"id":40,"date":"2015-11-20T14:48:22","date_gmt":"2015-11-20T13:48:22","guid":{"rendered":"http:\/\/www.aerobowl.com\/bowling-evreux\/?page_id=40"},"modified":"2024-05-24T08:34:09","modified_gmt":"2024-05-24T07:34:09","slug":"anniversaires-et-soirees","status":"publish","type":"page","link":"https:\/\/www.aerobowl.com\/bowling-evreux\/anniversaires-et-soirees\/","title":{"rendered":"Anniversaires enfants et adolescents"},"content":{"rendered":"<p>[vc_row font_color=\u00a0\u00bb#ffffff\u00a0\u00bb bg_color=\u00a0\u00bb#000000&Prime;][vc_column width=\u00a0\u00bb1\/1&Prime;][vc_column_text]<\/p>\n<div>1 rue Gay Lussac 27000 Evreux &#8211; T\u00e9l : 02.32.78.88.88<a href=\"https:\/\/www.aerobowl.com\/bowling-evreux\/contactez-aerobowl-espace-loisir\/\" target=\"_blank\" rel=\"noopener\"><img decoding=\"async\" src=\"https:\/\/www.aerobowl.com\/bowling-evreux\/wp-content\/uploads\/2022\/09\/logo-contact.png\" border=\"0\" \/><\/a><a href=\"https:\/\/www.facebook.com\/aero.bowling\" target=\"_blank\" rel=\"noopener\"><img decoding=\"async\" src=\"https:\/\/www.aerobowl.com\/bowling-evreux\/wp-content\/uploads\/2022\/09\/logo-facebook.png\" border=\"0\" \/><\/a><a href=\"https:\/\/www.instagram.com\/aerobowling\/\" target=\"_blank\" rel=\"noopener\"><img decoding=\"async\" src=\"https:\/\/www.aerobowl.com\/bowling-evreux\/wp-content\/uploads\/2022\/09\/logo-insta.png\" border=\"0\" \/><\/a><\/div>\n<p>[\/vc_column_text][\/vc_column][\/vc_row][vc_row][vc_column][vc_column_text]<\/p>\n<h1 style=\"text-align: center;\"><strong>Ton anniversaire \u00e0 l\u2019A\u00e9ro ?<\/strong><\/h1>\n<p>[\/vc_column_text][vc_single_image image=\u00a0\u00bb9979&Prime; img_size=\u00a0\u00bb1100&#215;434&Prime; alignment=\u00a0\u00bbcenter\u00a0\u00bb css_animation=\u00a0\u00bbvrv_fadeInDownBig\u00a0\u00bb css_delay=\u00a0\u00bb420&Prime;][vc_column_text]<\/p>\n<p style=\"text-align: center;\"><strong>L\u2019A\u00e9ro d\u2019Evreux te propose toute une gamme de forfaits pour f\u00eater dignement entre ami(e)s ou entre copains cet \u00e9v\u00e8nement marquant de ta vie ! <\/strong><\/p>\n<p style=\"text-align: center;\">Ton anniversaire est un jour pas comme les autres. Tout le monde peut s\u2019y retrouver petits et grands (enfants et ados).<\/p>\n<p style=\"text-align: center;\">Voici nos offres, n\u2019oublie pas que tu seras particuli\u00e8rement g\u00e2t\u00e9 pour cette occasion : Bonbons, cadeau et carton d\u2019invitations offerts.<br \/>\n<strong>Attention :<\/strong> Il vous appartient d&rsquo;apporter le g\u00e2teau.<\/p>\n<p>[\/vc_column_text][\/vc_column][\/vc_row][vc_row][vc_column width=\u00a0\u00bb1\/2&Prime;][vc_single_image image=\u00a0\u00bb10291&Prime; img_size=\u00a0\u00bb700&#215;1110&Prime; onclick=\u00a0\u00bbimg_link_large\u00a0\u00bb css_animation=\u00a0\u00bbappear\u00a0\u00bb css_delay=\u00a0\u00bb1000&Prime;][\/vc_column][vc_column width=\u00a0\u00bb1\/2&Prime;][vc_single_image image=\u00a0\u00bb10294&Prime; img_size=\u00a0\u00bb700&#215;1110&Prime; alignment=\u00a0\u00bbright\u00a0\u00bb onclick=\u00a0\u00bbimg_link_large\u00a0\u00bb css_animation=\u00a0\u00bbtop-to-bottom\u00a0\u00bb css_delay=\u00a0\u00bb500&Prime;][\/vc_column][\/vc_row]<\/p>\n","protected":false},"excerpt":{"rendered":"<p>[vc_row font_color=\u00a0\u00bb#ffffff\u00a0\u00bb bg_color=\u00a0\u00bb#000000&Prime;][vc_column width=\u00a0\u00bb1\/1&Prime;][vc_column_text] 1 rue Gay Lussac 27000 Evreux &#8211; T\u00e9l : 02.32.78.88.88 [\/vc_column_text][\/vc_column][\/vc_row][vc_row][vc_column][vc_column_text] Ton anniversaire \u00e0 l\u2019A\u00e9ro ? [\/vc_column_text][vc_single_image image=\u00a0\u00bb9979&Prime; img_size=\u00a0\u00bb1100&#215;434&Prime; alignment=\u00a0\u00bbcenter\u00a0\u00bb css_animation=\u00a0\u00bbvrv_fadeInDownBig\u00a0\u00bb css_delay=\u00a0\u00bb420&Prime;][vc_column_text] L\u2019A\u00e9ro d\u2019Evreux te propose toute une gamme de forfaits pour f\u00eater dignement entre ami(e)s ou entre copains cet \u00e9v\u00e8nement marquant de ta vie ! Ton anniversaire est un jour [&hellip;]<\/p>\n","protected":false},"author":1,"featured_media":418,"parent":0,"menu_order":0,"comment_status":"closed","ping_status":"closed","template":"","meta":{"_monsterinsights_skip_tracking":false,"_monsterinsights_sitenote_active":false,"_monsterinsights_sitenote_note":"","_monsterinsights_sitenote_category":0,"footnotes":""},"class_list":["post-40","page","type-page","status-publish","has-post-thumbnail","hentry"],"aioseo_notices":[],"_links":{"self":[{"href":"https:\/\/www.aerobowl.com\/bowling-evreux\/wp-json\/wp\/v2\/pages\/40","targetHints":{"allow":["GET"]}}],"collection":[{"href":"https:\/\/www.aerobowl.com\/bowling-evreux\/wp-json\/wp\/v2\/pages"}],"about":[{"href":"https:\/\/www.aerobowl.com\/bowling-evreux\/wp-json\/wp\/v2\/types\/page"}],"author":[{"embeddable":true,"href":"https:\/\/www.aerobowl.com\/bowling-evreux\/wp-json\/wp\/v2\/users\/1"}],"replies":[{"embeddable":true,"href":"https:\/\/www.aerobowl.com\/bowling-evreux\/wp-json\/wp\/v2\/comments?post=40"}],"version-history":[{"count":46,"href":"https:\/\/www.aerobowl.com\/bowling-evreux\/wp-json\/wp\/v2\/pages\/40\/revisions"}],"predecessor-version":[{"id":10306,"href":"https:\/\/www.aerobowl.com\/bowling-evreux\/wp-json\/wp\/v2\/pages\/40\/revisions\/10306"}],"wp:featuredmedia":[{"embeddable":true,"href":"https:\/\/www.aerobowl.com\/bowling-evreux\/wp-json\/wp\/v2\/media\/418"}],"wp:attachment":[{"href":"https:\/\/www.aerobowl.com\/bowling-evreux\/wp-json\/wp\/v2\/media?parent=40"}],"curies":[{"name":"wp","href":"https:\/\/api.w.org\/{rel}","templated":true}]}}