{"id":42,"date":"2015-11-20T14:50:14","date_gmt":"2015-11-20T13:50:14","guid":{"rendered":"http:\/\/www.aerobowl.com\/bowling-evreux\/?page_id=42"},"modified":"2025-10-24T05:49:32","modified_gmt":"2025-10-24T04:49:32","slug":"horaires-douverture","status":"publish","type":"page","link":"https:\/\/www.aerobowl.com\/bowling-evreux\/horaires-douverture\/","title":{"rendered":"Horaires d&rsquo;ouverture"},"content":{"rendered":"<p>[vc_row][vc_column][vc_column_text]<\/p>\r\n<div class=\"vce-row-container\" data-vce-boxed-width=\"true\">\r\n<div id=\"el-6bc62e4c\" class=\"vce-row vce-row--col-gap-30 vce-row-equal-height vce-row-content--top\" data-vce-do-apply=\"all el-6bc62e4c\">\r\n<div class=\"vce-row-content\" data-vce-element-content=\"true\">\r\n<div id=\"el-655a80ef\" class=\"vce-col vce-col--md-auto vce-col--xs-1 vce-col--xs-last vce-col--xs-first vce-col--sm-last vce-col--sm-first vce-col--md-last vce-col--lg-last vce-col--xl-last vce-col--md-first vce-col--lg-first vce-col--xl-first\">\r\n<div class=\"vce-col-inner\" data-vce-do-apply=\"border margin background el-655a80ef\">\r\n<div class=\"vce-col-content\" data-vce-element-content=\"true\" data-vce-do-apply=\"padding el-655a80ef\">\r\n<div class=\"vce-text-block\">\r\n<div id=\"el-6bd9995f\" class=\"vce-text-block-wrapper vce\" data-vce-do-apply=\"all el-6bd9995f\">\r\n<p>[\/vc_column_text][\/vc_column][\/vc_row][vc_row font_color=\"#ffffff\"][vc_column width=\"1\/1\" bg_color=\"#14936d\"][\/vc_column][\/vc_row][vc_row font_color=\"#ffffff\" bg_color=\"#000000\"][vc_column width=\"1\/1\"][vc_column_text]<\/p>\r\n<div>1 rue Gay Lussac 27000 Evreux - T\u00e9l : 02.32.78.88.88<a href=\"https:\/\/www.aerobowl.com\/bowling-evreux\/contactez-aerobowl-espace-loisir\/\" target=\"_blank\" rel=\"noopener\"><img decoding=\"async\" src=\"https:\/\/www.aerobowl.com\/bowling-evreux\/wp-content\/uploads\/2022\/09\/logo-contact.png\" border=\"0\" \/><\/a><a href=\"https:\/\/www.facebook.com\/aero.bowling\" target=\"_blank\" rel=\"noopener\"><img decoding=\"async\" src=\"https:\/\/www.aerobowl.com\/bowling-evreux\/wp-content\/uploads\/2022\/09\/logo-facebook.png\" border=\"0\" \/><\/a><a href=\"https:\/\/www.instagram.com\/aerobowling\/\" target=\"_blank\" rel=\"noopener\"><img decoding=\"async\" src=\"https:\/\/www.aerobowl.com\/bowling-evreux\/wp-content\/uploads\/2022\/09\/logo-insta.png\" border=\"0\" \/><\/a><\/div>\r\n<p>[\/vc_column_text][\/vc_column][\/vc_row][vc_row][vc_column][vc_column_text]<\/p>\r\n<h1 style=\"text-align: center;\"><strong>Horaires d\u2019ouverture de l\u2019A\u00e9ro bowling d\u2019Evreux.<\/strong><\/h1>\r\n<p>[\/vc_column_text][vc_column_text]<\/p>\r\n<p style=\"text-align: center;\"><em>A noter, certaines activit\u00e9s et certains services ont leurs propres plages horaires (<a title=\"Notre espace Bowling Billards\" href=\"https:\/\/www.aerobowl.com\/bowling-evreux\/notre-espace-bowling-billards\/\">bowling<\/a>,\u00a0<a title=\"Laser Game M\u00e9gazone Evreux\" href=\"https:\/\/www.aerobowl.com\/bowling-evreux\/laser-game-devreux\/\">laser game<\/a>,\u00a0<a title=\"A\u00e9rokid : l\u2019espace des petits.\" href=\"https:\/\/www.aerobowl.com\/bowling-evreux\/aerokid-parc-de-jeux-evreux\/\">A\u00e9rokid<\/a>,\u00a0<a title=\"Brasserie restaurant l\u2019A\u00e9ro\" href=\"https:\/\/www.aerobowl.com\/bowling-evreux\/restaurant-brasserie\/\">restaurant<\/a>) : merci de vous r\u00e9f\u00e9rer aux pages concern\u00e9es. Cliquez ici pour\u00a0<a title=\"Contactez l\u2019A\u00e9ro\" href=\"https:\/\/www.aerobowl.com\/bowling-evreux\/contactez-laero\/\">contacter l\u2019A\u00e9ro d\u2019Evreux.<\/a><\/em><\/p>\r\n<p style=\"text-align: center;\"><strong>Important : Jours f\u00e9ri\u00e9s = tarifs du\u00a0 dimanche, les veilles de jours f\u00e9ri\u00e9s = tarifs du samedi (si dimanche, tarifs du dimanche). <\/strong><\/p>\r\n<p style=\"text-align: center;\"><strong>Tous les changements d\u2019horaires de derni\u00e8re minute seront indiqu\u00e9s sur notre site.<\/strong><\/p>\r\n<p><a href=\"https:\/\/www.aerobowl.com\/bowling-evreux\/wp-content\/uploads\/2025\/10\/horaires-tarifs.png\"><img loading=\"lazy\" decoding=\"async\" class=\"size-full wp-image-10452 aligncenter\" src=\"https:\/\/www.aerobowl.com\/bowling-evreux\/wp-content\/uploads\/2025\/10\/horaires-tarifs.png\" alt=\"\" width=\"814\" height=\"910\" srcset=\"https:\/\/www.aerobowl.com\/bowling-evreux\/wp-content\/uploads\/2025\/10\/horaires-tarifs.png 814w, https:\/\/www.aerobowl.com\/bowling-evreux\/wp-content\/uploads\/2025\/10\/horaires-tarifs-447x500.png 447w, https:\/\/www.aerobowl.com\/bowling-evreux\/wp-content\/uploads\/2025\/10\/horaires-tarifs-224x250.png 224w, https:\/\/www.aerobowl.com\/bowling-evreux\/wp-content\/uploads\/2025\/10\/horaires-tarifs-600x671.png 600w, https:\/\/www.aerobowl.com\/bowling-evreux\/wp-content\/uploads\/2025\/10\/horaires-tarifs-320x358.png 320w, https:\/\/www.aerobowl.com\/bowling-evreux\/wp-content\/uploads\/2025\/10\/horaires-tarifs-480x537.png 480w, https:\/\/www.aerobowl.com\/bowling-evreux\/wp-content\/uploads\/2025\/10\/horaires-tarifs-800x894.png 800w\" sizes=\"auto, (max-width: 814px) 100vw, 814px\" \/><\/a><\/p>\r\n<ul>\r\n<li class=\"Style23 Style25\" style=\"text-align: center;\">Jours f\u00e9ri\u00e9s = tarifs du dimanche<\/li>\r\n<li class=\"Style26\" style=\"text-align: center;\">les veilles de jours f\u00e9ri\u00e9s = tarifs du samedi (si dimanche, tarifs du dimanche)<\/li>\r\n<li class=\"Style26\" style=\"text-align: center;\">Les jetons des forfaits sont \u00e0 utiliser le jour m\u00eame<\/li>\r\n<li class=\"Style26\" style=\"text-align: center;\">Apr\u00e8s la formule DAY, possibilit\u00e9 de reprendre 1 partie pour 3\u20ac<\/li>\r\n<li class=\"Style26\" style=\"text-align: center;\">Apr\u00e8s la formule NIGHT, possibilit\u00e9 de reprendre 1 partie pour 3\u20ac<\/li>\r\n<\/ul>\r\n<p>[\/vc_column_text][\/vc_column][\/vc_row][vc_row][vc_column][vc_column_text]<\/p>\r\n<\/div>\r\n<\/div>\r\n<\/div>\r\n<\/div>\r\n<\/div>\r\n<\/div>\r\n<\/div>\r\n<\/div>\r\n\r\n<div class=\"vce-row-container\" data-vce-boxed-width=\"true\">\r\n<div id=\"el-b191c83e\" class=\"vce-row vce-row--col-gap-30 vce-row-equal-height vce-row-content--top\" data-vce-sticky-element=\"true\" data-vce-do-apply=\"all el-b191c83e\">\r\n<div class=\"vce-row-content\" data-vce-element-content=\"true\">\r\n<div id=\"el-e1c33860\" class=\"vce-col vce-col--md-auto vce-col--xs-1 vce-col--xs-last vce-col--xs-first vce-col--sm-last vce-col--sm-first vce-col--md-last vce-col--lg-last vce-col--xl-last vce-col--md-first vce-col--lg-first vce-col--xl-first\">\r\n<div class=\"vce-col-inner\" data-vce-do-apply=\"border margin background el-e1c33860\">\r\n<div class=\"vce-col-content\" data-vce-element-content=\"true\" data-vce-do-apply=\"padding el-e1c33860\">\r\n<div class=\"vce-single-image-container vce-single-image--align-left\">\r\n<div id=\"el-ab961548\" class=\"vce vce-single-image-wrapper\" data-vce-do-apply=\"all el-ab961548\" data-vce-animate=\"vce-o-animate--jello\">\r\n<figure>\r\n<div class=\"vce-single-image-figure-inner\" style=\"width: 1000px;\"><a class=\"vce-single-image-inner vce-single-image--absolute\" style=\"width: 100%; padding-bottom: 58.3%;\" href=\"https:\/\/www.aerobowl.com\/bowling-evreux\/wp-content\/uploads\/2024\/01\/tarifs-bowling-forfaits-parties-et-boissons.png\" target=\"_blank\" rel=\"noopener\"><img loading=\"lazy\" decoding=\"async\" class=\"vce-single-image\" title=\"tarifs-bowling-forfaits parties et boissons\" src=\"https:\/\/www.aerobowl.com\/bowling-evreux\/wp-content\/uploads\/2024\/05\/tarifs-bowling-forfaits-parties-et-boissons-1000x583.png\" srcset=\"https:\/\/www.aerobowl.com\/bowling-evreux\/wp-content\/uploads\/2024\/01\/tarifs-bowling-forfaits-parties-et-boissons-800x466.png 800w, https:\/\/www.aerobowl.com\/bowling-evreux\/wp-content\/uploads\/2024\/01\/tarifs-bowling-forfaits-parties-et-boissons-320x187.png 320w, https:\/\/www.aerobowl.com\/bowling-evreux\/wp-content\/uploads\/2024\/01\/tarifs-bowling-forfaits-parties-et-boissons-480x280.png 480w, https:\/\/www.aerobowl.com\/bowling-evreux\/wp-content\/uploads\/2024\/05\/tarifs-bowling-forfaits-parties-et-boissons-1000x583.png 1000w\" alt=\"\" width=\"1000\" height=\"583\" data-img-src=\"https:\/\/www.aerobowl.com\/bowling-evreux\/wp-content\/uploads\/2024\/01\/tarifs-bowling-forfaits-parties-et-boissons.png\" data-attachment-id=\"10230\" \/><\/a><\/div>\r\n<figcaption hidden=\"\"><\/figcaption>\r\n<\/figure>\r\n<\/div>\r\n<\/div>\r\n<\/div>\r\n<\/div>\r\n<\/div>\r\n<\/div>\r\n<\/div>\r\n<\/div>\r\n\r\n<div class=\"vce-row-container\" data-vce-boxed-width=\"true\">\r\n<div id=\"el-6c1bd2ef\" class=\"vce-row vce-row--col-gap-30 vce-row-equal-height vce-row-content--top\" data-vce-do-apply=\"all el-6c1bd2ef\">\r\n<div class=\"vce-row-content\" data-vce-element-content=\"true\">\r\n<div id=\"el-f20f5cc5\" class=\"vce-col vce-col--md-auto vce-col--xs-1 vce-col--xs-last vce-col--xs-first vce-col--sm-last vce-col--sm-first vce-col--md-last vce-col--lg-last vce-col--xl-last vce-col--md-first vce-col--lg-first vce-col--xl-first\">\r\n<div class=\"vce-col-inner\" data-vce-do-apply=\"border margin background el-f20f5cc5\">\r\n<div class=\"vce-col-content\" data-vce-element-content=\"true\" data-vce-do-apply=\"padding el-f20f5cc5\">\r\n<div class=\"vcv-row-control-wrapper\">\u00a0<\/div>\r\n<\/div>\r\n<\/div>\r\n<\/div>\r\n<\/div>\r\n<\/div>\r\n<\/div>\r\n<p>[\/vc_column_text][\/vc_column][\/vc_row]<\/p>","protected":false},"excerpt":{"rendered":"<p>[vc_row][vc_column][vc_column_text] [\/vc_column_text][\/vc_column][\/vc_row][vc_row font_color=\u00a0\u00bb#ffffff\u00a0\u00bb][vc_column width=\u00a0\u00bb1\/1&Prime; bg_color=\u00a0\u00bb#14936d\u00a0\u00bb][\/vc_column][\/vc_row][vc_row font_color=\u00a0\u00bb#ffffff\u00a0\u00bb bg_color=\u00a0\u00bb#000000&Prime;][vc_column width=\u00a0\u00bb1\/1&Prime;][vc_column_text] 1 rue Gay Lussac 27000 Evreux &#8211; T\u00e9l : 02.32.78.88.88 [\/vc_column_text][\/vc_column][\/vc_row][vc_row][vc_column][vc_column_text] Horaires d\u2019ouverture de l\u2019A\u00e9ro bowling d\u2019Evreux. [\/vc_column_text][vc_column_text] A noter, certaines activit\u00e9s et certains services ont leurs propres plages horaires (bowling,\u00a0laser game,\u00a0A\u00e9rokid,\u00a0restaurant) : merci de vous r\u00e9f\u00e9rer aux pages concern\u00e9es. Cliquez ici pour\u00a0contacter l\u2019A\u00e9ro d\u2019Evreux. Important : [&hellip;]<\/p>\n","protected":false},"author":1,"featured_media":439,"parent":0,"menu_order":0,"comment_status":"closed","ping_status":"closed","template":"","meta":{"_monsterinsights_skip_tracking":false,"_monsterinsights_sitenote_active":false,"_monsterinsights_sitenote_note":"","_monsterinsights_sitenote_category":0,"footnotes":""},"class_list":["post-42","page","type-page","status-publish","has-post-thumbnail","hentry"],"aioseo_notices":[],"_links":{"self":[{"href":"https:\/\/www.aerobowl.com\/bowling-evreux\/wp-json\/wp\/v2\/pages\/42","targetHints":{"allow":["GET"]}}],"collection":[{"href":"https:\/\/www.aerobowl.com\/bowling-evreux\/wp-json\/wp\/v2\/pages"}],"about":[{"href":"https:\/\/www.aerobowl.com\/bowling-evreux\/wp-json\/wp\/v2\/types\/page"}],"author":[{"embeddable":true,"href":"https:\/\/www.aerobowl.com\/bowling-evreux\/wp-json\/wp\/v2\/users\/1"}],"replies":[{"embeddable":true,"href":"https:\/\/www.aerobowl.com\/bowling-evreux\/wp-json\/wp\/v2\/comments?post=42"}],"version-history":[{"count":79,"href":"https:\/\/www.aerobowl.com\/bowling-evreux\/wp-json\/wp\/v2\/pages\/42\/revisions"}],"predecessor-version":[{"id":10453,"href":"https:\/\/www.aerobowl.com\/bowling-evreux\/wp-json\/wp\/v2\/pages\/42\/revisions\/10453"}],"wp:featuredmedia":[{"embeddable":true,"href":"https:\/\/www.aerobowl.com\/bowling-evreux\/wp-json\/wp\/v2\/media\/439"}],"wp:attachment":[{"href":"https:\/\/www.aerobowl.com\/bowling-evreux\/wp-json\/wp\/v2\/media?parent=42"}],"curies":[{"name":"wp","href":"https:\/\/api.w.org\/{rel}","templated":true}]}}