{"id":44,"date":"2015-11-20T14:53:09","date_gmt":"2015-11-20T13:53:09","guid":{"rendered":"http:\/\/www.aerobowl.com\/bowling-evreux\/?page_id=44"},"modified":"2025-10-24T05:54:04","modified_gmt":"2025-10-24T04:54:04","slug":"groupes-et-comites-dentreprises","status":"publish","type":"page","link":"https:\/\/www.aerobowl.com\/bowling-evreux\/groupes-et-comites-dentreprises\/","title":{"rendered":"Groupes et comit\u00e9s d&rsquo;entreprises"},"content":{"rendered":"<p>[vc_row font_color=\u00a0\u00bb#ffffff\u00a0\u00bb bg_color=\u00a0\u00bb#000000&Prime;][vc_column width=\u00a0\u00bb1\/1&Prime;][vc_column_text]<\/p>\n<div>1 rue Gay Lussac 27000 Evreux &#8211; T\u00e9l : 02.32.78.88.88<a href=\"https:\/\/www.aerobowl.com\/bowling-evreux\/contactez-aerobowl-espace-loisir\/\" target=\"_blank\" rel=\"noopener\"><img decoding=\"async\" src=\"https:\/\/www.aerobowl.com\/bowling-evreux\/wp-content\/uploads\/2022\/09\/logo-contact.png\" border=\"0\" \/><\/a><a href=\"https:\/\/www.facebook.com\/aero.bowling\" target=\"_blank\" rel=\"noopener\"><img decoding=\"async\" src=\"https:\/\/www.aerobowl.com\/bowling-evreux\/wp-content\/uploads\/2022\/09\/logo-facebook.png\" border=\"0\" \/><\/a><a href=\"https:\/\/www.instagram.com\/aerobowling\/\" target=\"_blank\" rel=\"noopener\"><img decoding=\"async\" src=\"https:\/\/www.aerobowl.com\/bowling-evreux\/wp-content\/uploads\/2022\/09\/logo-insta.png\" border=\"0\" \/><\/a><\/div>\n<p>[\/vc_column_text][\/vc_column][\/vc_row][vc_row][vc_column][vc_column_text]<\/p>\n<h1 style=\"text-align: center;\">Aerobowl : The place to be !<\/h1>\n<p>[\/vc_column_text][vc_single_image image=\u00a0\u00bb9944&Prime; img_size=\u00a0\u00bbfull\u00a0\u00bb alignment=\u00a0\u00bbcenter\u00a0\u00bb css_animation=\u00a0\u00bbvrv_fadeInLeftBig\u00a0\u00bb css_delay=\u00a0\u00bb1000&Prime;][vc_column_text]<\/p>\n<p style=\"text-align: center;\"><strong>Groupes, comit\u00e9s d\u2019entreprise : savez vous que vous pouvez obtenir des tarifs sp\u00e9ciaux ?<\/strong><\/p>\n<p style=\"text-align: center;\">Contactez nous, une offre de services adapt\u00e9e \u00e0 vos besoins vous attend \u00e0 l\u2019A\u00e9ro.\u00a0<strong>S\u00e9minaires, soir\u00e9es, arbres de No\u00ebl\u2026<\/strong> Nous sommes \u00e0 votre disposition pour un devis personnalis\u00e9.<\/p>\n<p style=\"text-align: center;\">Pour les comit\u00e9s d\u2019entreprise nous proposons des r\u00e9ductions sur le tarif individuel avec\u00a0<strong>nos carnets de tickets<\/strong> qui vous ferons b\u00e9n\u00e9ficier de r\u00e9ductions int\u00e9ressantes !<\/p>\n<p style=\"text-align: center;\"><strong>Nous vous proposons d\u2019acqu\u00e9rir des carnets de 20 tickets qui vous permettront de b\u00e9n\u00e9ficier de tarifs privil\u00e9gi\u00e9s.<\/strong><\/p>\n<p style=\"text-align: center;\"><strong>Chaque structure est diff\u00e9rente, chaque entreprise ne fonctionne pas sur les m\u00eames bases d&rsquo;une autre. : <a href=\"https:\/\/www.aerobowl.com\/bowling-evreux\/contactez-aerobowl-espace-loisir\/\">Contactez-nous pour prendre connaissance de nos offres commerciales.<\/a><\/strong><\/p>\n<p style=\"text-align: center;\">&#8212;&#8212;&#8212;&#8212;&#8212;&#8212;&#8212;&#8212;&#8212;&#8212;&#8212;&#8212;&#8212;&#8212;<\/p>\n<p>[\/vc_column_text][vc_single_image image=\u00a0\u00bb10452&Prime; img_size=\u00a0\u00bb1000&#215;1104&Prime; alignment=\u00a0\u00bbcenter\u00a0\u00bb onclick=\u00a0\u00bbimg_link_large\u00a0\u00bb css_animation=\u00a0\u00bbtop-to-bottom\u00a0\u00bb][vc_column_text]<\/p>\n<h2 style=\"text-align: center;\">Vous organisez un \u00e9v\u00e9nement \u00e0 l\u2019A\u00e9ro d\u2019Evreux ?<\/h2>\n<p style=\"text-align: center;\">T\u00e9l\u00e9chargez librement\u00a0<a href=\"https:\/\/www.aerobowl.com\/bowling-evreux\/carton-dinvitation\/\" target=\"_blank\" rel=\"noopener\">nos affiches d\u2019invitations personnalisables<\/a> , imprimez celle qui vous correspond \u00e0 votre projet et remplissez le cadre blanc d\u00e9di\u00e9 \u00e0 cet effet.<\/p>\n<p>[\/vc_column_text][\/vc_column][\/vc_row]<\/p>\n","protected":false},"excerpt":{"rendered":"<p>[vc_row font_color=\u00a0\u00bb#ffffff\u00a0\u00bb bg_color=\u00a0\u00bb#000000&Prime;][vc_column width=\u00a0\u00bb1\/1&Prime;][vc_column_text] 1 rue Gay Lussac 27000 Evreux &#8211; T\u00e9l : 02.32.78.88.88 [\/vc_column_text][\/vc_column][\/vc_row][vc_row][vc_column][vc_column_text] Aerobowl : The place to be ! [\/vc_column_text][vc_single_image image=\u00a0\u00bb9944&Prime; img_size=\u00a0\u00bbfull\u00a0\u00bb alignment=\u00a0\u00bbcenter\u00a0\u00bb css_animation=\u00a0\u00bbvrv_fadeInLeftBig\u00a0\u00bb css_delay=\u00a0\u00bb1000&Prime;][vc_column_text] Groupes, comit\u00e9s d\u2019entreprise : savez vous que vous pouvez obtenir des tarifs sp\u00e9ciaux ? Contactez nous, une offre de services adapt\u00e9e \u00e0 vos besoins vous attend \u00e0 [&hellip;]<\/p>\n","protected":false},"author":1,"featured_media":440,"parent":0,"menu_order":0,"comment_status":"closed","ping_status":"closed","template":"","meta":{"_monsterinsights_skip_tracking":false,"_monsterinsights_sitenote_active":false,"_monsterinsights_sitenote_note":"","_monsterinsights_sitenote_category":0,"footnotes":""},"class_list":["post-44","page","type-page","status-publish","has-post-thumbnail","hentry"],"aioseo_notices":[],"_links":{"self":[{"href":"https:\/\/www.aerobowl.com\/bowling-evreux\/wp-json\/wp\/v2\/pages\/44","targetHints":{"allow":["GET"]}}],"collection":[{"href":"https:\/\/www.aerobowl.com\/bowling-evreux\/wp-json\/wp\/v2\/pages"}],"about":[{"href":"https:\/\/www.aerobowl.com\/bowling-evreux\/wp-json\/wp\/v2\/types\/page"}],"author":[{"embeddable":true,"href":"https:\/\/www.aerobowl.com\/bowling-evreux\/wp-json\/wp\/v2\/users\/1"}],"replies":[{"embeddable":true,"href":"https:\/\/www.aerobowl.com\/bowling-evreux\/wp-json\/wp\/v2\/comments?post=44"}],"version-history":[{"count":47,"href":"https:\/\/www.aerobowl.com\/bowling-evreux\/wp-json\/wp\/v2\/pages\/44\/revisions"}],"predecessor-version":[{"id":10455,"href":"https:\/\/www.aerobowl.com\/bowling-evreux\/wp-json\/wp\/v2\/pages\/44\/revisions\/10455"}],"wp:featuredmedia":[{"embeddable":true,"href":"https:\/\/www.aerobowl.com\/bowling-evreux\/wp-json\/wp\/v2\/media\/440"}],"wp:attachment":[{"href":"https:\/\/www.aerobowl.com\/bowling-evreux\/wp-json\/wp\/v2\/media?parent=44"}],"curies":[{"name":"wp","href":"https:\/\/api.w.org\/{rel}","templated":true}]}}